{"id":1981,"date":"2021-10-28T19:18:21","date_gmt":"2021-10-28T19:18:21","guid":{"rendered":"https:\/\/www.kpuvpowder.com\/?page_id=1981"},"modified":"2023-11-30T20:30:05","modified_gmt":"2023-11-30T20:30:05","slug":"privacidad","status":"publish","type":"page","link":"https:\/\/www.kpuvpowder.com\/es\/privacidad\/","title":{"rendered":"Pol\u00edtica de privacidad"},"content":{"rendered":"<div class=\"fusion-fullwidth fullwidth-box fusion-builder-row-1 fusion-flex-container has-pattern-background has-mask-background nonhundred-percent-fullwidth non-hundred-percent-height-scrolling\" style=\"--awb-border-radius-top-left:0px;--awb-border-radius-top-right:0px;--awb-border-radius-bottom-right:0px;--awb-border-radius-bottom-left:0px;--awb-margin-top:200px;--awb-margin-top-small:45px;--awb-flex-wrap:wrap;\" ><div class=\"fusion-builder-row fusion-row fusion-flex-align-items-flex-start fusion-flex-content-wrap\" style=\"max-width:1362.4px;margin-left: calc(-4% \/ 2 );margin-right: calc(-4% \/ 2 );\"><div class=\"fusion-layout-column fusion_builder_column fusion-builder-column-0 fusion_builder_column_1_1 1_1 fusion-flex-column\" style=\"--awb-bg-size:cover;--awb-width-large:100%;--awb-margin-top-large:0px;--awb-spacing-right-large:1.92%;--awb-margin-bottom-large:20px;--awb-spacing-left-large:1.92%;--awb-width-medium:100%;--awb-order-medium:0;--awb-spacing-right-medium:1.92%;--awb-spacing-left-medium:1.92%;--awb-width-small:100%;--awb-order-small:0;--awb-spacing-right-small:1.92%;--awb-spacing-left-small:1.92%;\"><div class=\"fusion-column-wrapper fusion-column-has-shadow fusion-flex-justify-content-flex-start fusion-content-layout-column\"><div class=\"fusion-text fusion-text-1\"><h1>Pol\u00edtica de privacidad<\/h1>\n<p>Esta pol\u00edtica de privacidad establece c\u00f3mo <strong>Keyland Polymer Material Sciences, LLC<\/strong>  y su grupo de empresas:  <strong>Keyland Polymer UV Resin, LLC, Keyland Polymer UV Powder, LLC, Keyland Polymer Application Technologies, LLC<\/strong>  y  <strong>DVUV, LLC<\/strong>  utiliza y protege cualquier informaci\u00f3n que usted proporcione a Keyland Polymer Material Sciences, LLC y sus \u00abempresas\u00bb filiales (denominadas en esta pol\u00edtica \u00abnosotros\u00bb \u00abnos\u00bb \u00abnuestro\u00bb o \u00abKeyland\u00bb).<\/p>\n<p>Keyland Polymer Material Sciences, LLC se compromete a garantizar la protecci\u00f3n de su privacidad. Al utilizar este sitio web, podemos solicitar cierta informaci\u00f3n que pueda identificarlo. Puede estar seguro que toda la informaci\u00f3n recopilada por Keyland solo se utilizar\u00e1 de acuerdo a esta declaraci\u00f3n de privacidad.<\/p>\n<p><strong>Que Recopilamos<\/strong><\/p>\n<p>Podemos recopilar la siguiente informaci\u00f3n:<\/p>\n<ul>\n<li>Nombre y cargo<\/li>\n<li>Informaci\u00f3n del contacto incluyendo la direcci\u00f3n del correo electr\u00f3nico<\/li>\n<li>Informaci\u00f3n demogr\u00e1fica como c\u00f3digo postal, preferencias e intereses.<\/li>\n<li>Otra informaci\u00f3n relevante a las encuestas y\/u ofertas del cliente<\/li>\n<\/ul>\n<p>A medida que navega e interact\u00faa con nuestro sitio web, podemos utilizar tecnolog\u00edas de recopilaci\u00f3n de datos para recopilar cierta informaci\u00f3n sobre su equipo, acciones de navegaci\u00f3n y patrones, que incluyen: (i) detalles de sus visitas a nuestro sitio web, incluyendo datos de tr\u00e1fico, datos de ubicaci\u00f3n, registros, y otros datos de comunicaci\u00f3n y los recursos a los que accede y utiliza en el sitio web, y (ii) Informaci\u00f3n sobre su computadora y conexi\u00f3n a internet, incluyendo su direcci\u00f3n de IP, sistema operativo y tipo de navegador.<\/p>\n<p><strong>Qu\u00e9 hacemos con la informaci\u00f3n que recopilamos<\/strong><\/p>\n<p>Solo solicitamos la informaci\u00f3n que se indica a continuaci\u00f3n para ayudarnos a comprender sus necesidades, y permitir que Keyland le ofrezca mejores servicios o productos.:<\/p>\n<ul>\n<li>Mantenimiento de registros internos.<\/li>\n<li>Podemos utilizar la informaci\u00f3n para mejorar nuestros productos y servicios.<\/li>\n<li>Es posible que enviemos correos electr\u00f3nicos promocionales sobre nuestros productos, ofertas especiales u otra informaci\u00f3n que creemos que puede resultarle interesante utilizando la direcci\u00f3n de correo electr\u00f3nico que ha proporcionado.<\/li>\n<li>De vez en cuando, tambi\u00e9n podr\u00edamos utilizar su informaci\u00f3n para comunicarnos con usted con motivo de investigaci\u00f3n de mercado. Podr\u00edamos comunicarnos con usted por correo electr\u00f3nico, tel\u00e9fono, fax o correo. Podr\u00edamos utilizar la informaci\u00f3n para personalizar el sitio web de acuerdo a sus intereses.<\/li>\n<\/ul>\n<p>Sin embargo, no vendemos su informaci\u00f3n a terceros.<\/p>\n<p><strong>Distribuci\u00f3n de Informaci\u00f3n<\/strong><\/p>\n<p>Podr\u00edamos divulgar informaci\u00f3n agregada sobre nuestros usuarios e informaci\u00f3n que no identifica a ning\u00fan individuo, sin restricci\u00f3n.<\/p>\n<p>Podr\u00edamos divulgar la informaci\u00f3n personal que recopilamos o que usted proporciona como descrita en esta pol\u00edtica de privacidad:<\/p>\n<ul>\n<li>A nuestras subsidiarias y afiliadas.<\/li>\n<li>Para fines de mercadotecnia como se describe en esta pol\u00edtica.<\/li>\n<li>A los contratistas, proveedores de servicios y otros terceros que utilizamos para apoyar nuestro negocio.<\/li>\n<li>A un comprador u otro sucesor en caso de fusi\u00f3n, enajenaci\u00f3n, reestructuraci\u00f3n, reorganizaci\u00f3n, disolici\u00f3n u otra venta o transferencia de parte o totalidad de la empresa en funcionamiento o como parte de una quiebra, liquidaci\u00f3n o similar procedimiento, en el que la informaci\u00f3n personal de nuestros usuarios en poder de la empresa en nuestro sitio web se encuentre entre los activos transferidos.<\/li>\n<li>Para cumplir con la finalidad para la que la facilitas.<\/li>\n<li>Para cualquier otro prop\u00f3sito divulgado por nosotrso cuando usted proporciona la informaci\u00f3n.<\/li>\n<li>Con su concentimiento.<\/li>\n<\/ul>\n<p>Tambi\u00e9n podr\u00edamos compartir informaci\u00f3n con agencias gubernamentales u otras empresas ayud\u00e1ndonos en la prevenci\u00f3n o investigaci\u00f3n de fraudes. Podr\u00edamos hacerlo cuando: (i) permitido o requerido por la ley; o, (ii) tratando de proteger contra o prevenir fraudes reales o potenciales o transacciones no autorizadas; o, (iii) investigar un fraude que ya ha tenido lugar. La informaci\u00f3n no se proporciona a las empresas vinculadas con fines de mercadotecnia.<\/p>\n<p><strong>Seguridad<\/strong><\/p>\n<p>Estamos comprometidos a garantizar la seguridad de su informaci\u00f3n. Hemos implementado procedimientos f\u00edsicos, electr\u00f3nicos y administrativos adecuados para salvaguardar la informaci\u00f3n que recopilamos en l\u00ednea y evitar el acceso no autorizado o divulgaci\u00f3n.<\/p>\n<p>La seguridad y la protecci\u00f3n de su informaci\u00f3n tambi\u00e9n depende de usted. Donde le hemos dado (o donde ha elegido) una contrase\u00f1a para acceder a ciertas partes de nuestro sitio web, usted es responsable de mantener esta contrase\u00f1a confidencial. Le pedimos que no comparta su contrase\u00f1a con nadie. Le instamos a que tenga cuidado cuando proporcione informaci\u00f3n en \u00e1reas p\u00fablicas del sitio web como los tableros de mensajes. La informaci\u00f3n que comparte en \u00e1reas p\u00fablicas puede ser vista por cualquier usuario del sitio web.<\/p>\n<p>Desafortunadamente, la transmisi\u00f3n de informaci\u00f3n a trav\u00e9s de internet no es completamente seguro. Aunque hacemos todo lo posible para proteger su informaci\u00f3n personal, no podemos garantizar la seguridad de su informaci\u00f3n personal transmitida a nuestro sitio web. Cualquier transmisi\u00f3n de informaci\u00f3n personal es bajo su propio riesgo. No somos responsables de eludir ninguna configuraci\u00f3n de privacidad o medidas de seguridad contenidas en el sitio web.<\/p>\n<p><strong>Ni\u00f1os menores de 16 a\u00f1os<\/strong><\/p>\n<p>Nuestro sitio web no est\u00e1 destinado a ni\u00f1os menores de 16 a\u00f1os. Nadie menor de 16 a\u00f1os puede proporcionar informaci\u00f3n personal en el sitio web. No recopilamos a sabiendas informaci\u00f3n personal de ni\u00f1os menores de 16 a\u00f1os. Si es menor de 16 a\u00f1os, no utilice ni proporcione informaci\u00f3n en este sitio web o a trav\u00e9s de cualquiera de sus funciones, registrarse en el sitio web, realizar compras a trav\u00e9s del sitio web, utilizar cualquiera de las funciones interactivas o comentarios p\u00fablicos de este sitio web, o proporcionarnos cualquier informaci\u00f3n sobre usted, incluido su nombre, direcci\u00f3n, n\u00famero de tel\u00e9fono, correo electr\u00f3nico, o cualquier nombre de pantalla o usuario que pueda utilizar. Si nos enteramos que hemos recopilado o recibido informaci\u00f3n personal de un ni\u00f1o menor de 16 a\u00f1os sin el consentimiento y verificaci\u00f3n de los padres, eliminaremos esa informaci\u00f3n. Si cree que podr\u00edamos tener alguna informaci\u00f3n sobre un ni\u00f1o menor de 16 a\u00f1os, por favor cont\u00e1ctenos.<\/p>\n<p><strong>C\u00f3mo usamos Cookies<\/strong><\/p>\n<p>Cookie es un peque\u00f1o archivo que solicita permiso para que se coloque en su disco duro de la computadora. Una vez que acepta, se agrega el archivo y la cookie ayuda a analizar el tr\u00e1fico web o le permite saber cuando visita un sitio en particular. Cookies permite que las aplicaciones web le respondan como un individuo. La aplicaci\u00f3n web puede adaptar sus operaciones a sus necesidades, gustos y disgustos al recopilar y recordar informaci\u00f3n sobre sus preferencias.<\/p>\n<p>Usamos cookies de registro de tr\u00e1fico para identificar qu\u00e9 p\u00e1ginas se est\u00e1n utilizando. Esto nos ayuda a analizar datos sobre el tr\u00e1fico de la p\u00e1gina web y mejorar nuestro sitio web para adaptarlo a las necesidades del cliente. Solo utilizamos esta informaci\u00f3n para fines de an\u00e1lisis estad\u00edsticos y luego los datos son eliminados del sistema.<\/p>\n<p>En general, cookies nos ayuda a brindarle una mejor experienciaen el sitio web al permitirnos controlar qu\u00e9 p\u00e1ginas le resultan \u00fatiles y cu\u00e1les no. Una cookie de ninguna manera nos da acceso a su computadora ni a ninguna informaci\u00f3n sobre usted, aparte de los datos que elija compartir con nosotros.<\/p>\n<p><strong>Enlaces a sitios web externos<\/strong><\/p>\n<p>Nuestro sitio web puede contener enlaces a otros sitios web de inter\u00e9s. Sin embargo, una vez que haya utilizado estos enlaces para salir de nuestro sitio, debe tener en cuenta que no tenemos ning\u00fan control sobre ese otro sitio web. Por lo tanto, no podemos ser responsables de la protecci\u00f3n y privacidad de ning\u00fana informaci\u00f3n que proporcione mientras visita dichos sitios y dichos sitios no se rigen por esta declaraci\u00f3n de privacidad. Debe tener cuidado y consultar la declaraci\u00f3n de privacidad aplicable al sitio web en cuestion.<\/p>\n<p><strong>Control de su informaci\u00f3n personal<\/strong><\/p>\n<p>Si previamente ha aceptado permitirnos utilizar su informaci\u00f3n personal con fines de marketing directo, puede cambiar de opini\u00f3n en cualquier momento poni\u00e9ndose en contacto con nosotros directamente. Si recibe comunicaciones por correo electr\u00f3nico o boletines informativos de nuestra parte, tambi\u00e9n tiene la opci\u00f3n de darse de baja en cualquier momento.<\/p>\n<p>No venderemos, distribuiremos ni cederemos su informaci\u00f3n personal a terceros a menos que tengamos su permiso o la ley nos exija hacerlo. Podemos utilizar su informaci\u00f3n personal para enviarle informaci\u00f3n promocional sobre terceros, que creemos que pueden resultarle interesantes solo si nos dice que desea que esto suceda.<\/p>\n<p>Puede solicitar detalles de la informaci\u00f3n personal que tenemos sobre usted. Si desea una copia de esta informaci\u00f3n personal, comun\u00edquese con nosotros.<\/p>\n<p>Si cree que alguna informaci\u00f3n en nuestro poder es incorrecta o incompleta, por favor cont\u00e1ctenos lo antes posible. Corregiremos de inmediato cualquier informsci\u00f3n que resulte incorrecta.<\/p>\n<p>Por favor vuelva a consultar para cualquier actualizaci\u00f3n de esta pol\u00edtica de privacidad.<\/p>\n<p><strong>Sus Derechos de Privacidad en California.<\/strong><\/p>\n<p>Este Aviso de Privacidad de California (\u00ab<strong><em>Aviso<\/em><\/strong>\u00ab) se aplica a los \u00abConsumidores\u00bb seg\u00fan lo definido por la Ley de Privacidad del Consumidor de California (\u201c<strong><em>CCPA<\/em><\/strong>\u201d), y complementa otros avisos y pol\u00edticas de privacidad de Keyland. En caso de conflicto entre cualquier otra pol\u00edtica, declaraci\u00f3n o aviso de Keyland y este Aviso, este Aviso prevalecer\u00e1 en cuanto a los Consumidores de California y sus derechos bajo nla CCPA. Este aviso describe nuestra recopilaci\u00f3n, uso, divulgaci\u00f3n y venta de La \u00abInformaci\u00f3n Personal\u00bb de los Consumidores de California (\u201c<strong><em>PI<\/em><\/strong>\u201d), as\u00ed como los derechos que tienen los Consumidores de Califronia bajo la CCPA. Los t\u00e9rminos definidos en la CCPA que se utilizan en este Aviso tienen los mismos significados como en la CCPA.<\/p>\n<p>Recopilamos el siguiente PI sobre los consumidores de California: (i) Identificadores \/ Registros de clientes (como nombre, direcci\u00f3n postal, direcci\u00f3n IP y direcci\u00f3n de correo electr\u00f3nico y n\u00famero de tel\u00e9fono); (ii) Informaci\u00f3n de uso de Internet (como historial de navegaci\u00f3n, historial de b\u00fasqueda, informaci\u00f3n sobre interacciones con nuestros sitios web o anuncios); (iii) Informaci\u00f3n comercial (como historial de compras); o (iv) Datos de geolocalizaci\u00f3n (como ubicaci\u00f3n f\u00edsica y movimiento).<\/p>\n<p>Usamos esta informaci\u00f3n para fines comerciales de: auditor\u00eda relacionada con interacciones y transacciones; detectar incidentes de seguridad y protegerse contra fraude; depuraci\u00f3n o reparaci\u00f3n de sistemas; uso transitorio a corto plazo (por ejemplo, publicidad contextual); prestaci\u00f3n de servicios; investigaci\u00f3n tecnol\u00f3gica interna; y calidad y control de seguridad. Proporcionaremos esta informaci\u00f3n a los proveedores de servicios de marketing y otros terceros proveedores de terceros, comom procesadores de tarjetas de cr\u00e9dito, para permitir que el sitio web realice las funciones solicitadas por los consumidores.<\/p>\n<p>Los residentes de California tienen derecho a solicitar a las empresas las categor\u00edas de PI recolectadas, las piezas espec\u00edficas de PI recolectadas, las categor\u00edas de terceros con el que se ha compartido el PI, una lista de PI que se ha vendido y el derecho a solicitar que se elimine la informaci\u00f3n. Los usuarios pueden realizar dichas solicitudes a Keyland a trav\u00e9s de la direcci\u00f3n de correo electr\u00f3nico o el n\u00famero establecido a continuaci\u00f3n. Keyland har\u00e1 todo lo posible para cumplir con dichas solicitudes, sin embargo, Keyland actualmente no es una \u00abempresa\u00bb como se define ese t\u00e9rmino en la CCPA. Como tal, Keyland no tiene la obligaci\u00f3n de responder o cumplir con dichas solicitudes.<\/p>\n<p>No vendemos California Consumer PI como se define en la CCPA.<\/p>\n<p>No discriminaremos a ning\u00fan usuario de una manera prohibida por la CCPA.<\/p>\n<p>Secci\u00f3n 1798.83 del C\u00f3digo Civil de California (tambi\u00e9n conocida como la ley \u00abShine The Light\u00bb) permite a los usuarios que son residentes de California solicitar y obtener de nosotros una vez al a\u00f1o, sin cargo, informaci\u00f3n sobre la informaci\u00f3n personal (si la hubiera) que divulga a terceros con fines de marketing directo en el a\u00f1o civil. Si aplica, esta informaci\u00f3n incluir\u00eda una lista de las categor\u00edas de informaci\u00f3n personal que se comparti\u00f3 y los nombres y direcciones de todos los terceros con los que compartimos informaci\u00f3n en el a\u00f1o civil inmediatamente precedente. Si es residente de california y desea realizar una solicitud de este tipo, env\u00ede su solicitud a Keyland a la direcci\u00f3n que se muestra a continuaci\u00f3n.<\/p>\n<h3>Informaci\u00f3n adicional para usuarios de la UE<\/h3>\n<p>Las regulaciones de protecci\u00f3n de datos en Europa requieren que revelemos informaci\u00f3n adicional con respecto a la informaci\u00f3n personal recopilada de usuarios europeos, y para limitar el uso de Keyland de dicha informaci\u00f3n de maneras espec\u00edficas. Esta secci\u00f3n proporciona informaci\u00f3n adicional aplicable a European Personal Data, que puede no aplicarse a usuarios en otras geograf\u00edas.<\/p>\n<p>Las bases legales para nuestras actividades de procesamiento son las siguientes:<\/p>\n<ul>\n<li>Para nuestros fines comerciales leg\u00edtimos, que incluyen:\n<ul>\n<li>para proporcionarle servicios, productos u otros materiales que solicite (por ejemplo,completando su registro para un programa de lealtad o envi\u00e1ndole muetras de productos) y personalizar su experincia con nuestro sitio web;<\/li>\n<li>para gestionar y mejorar sus experiencias con nuestros productos, servicios y ofertas, incluyendo el an\u00e1lisis del uso de nuestros productos y servicios, y determinar la efectividad de nuestra publicidad; y para proteger la seguridad e integridad de nuestro sitio web.<\/li>\n<\/ul>\n<\/li>\n<li>Para ejecutar nuestro(s) contrato(s) con usted, incluyendo el procesamiento de sus compras y transacciones.<\/li>\n<li>para cumplir con nuestras obligaciones legales, por ejemplo:\n<ul>\n<li>para fines de auditor\u00eda y presentaci\u00f3n de informes;<\/li>\n<li>para realizar tareas contables y administrativas;<\/li>\n<li>para dar respuesta a las solicitudes de informaci\u00f3n de los \u00f3rganos p\u00fablicos y autoridades judiciales competentes; y<\/li>\n<li>para hacer valer nuestros derechos legales y para hacer cumplir o gestionar reclamaciones legales.<\/li>\n<\/ul>\n<\/li>\n<li>Sobre la base de su consentimiento:\n<ul>\n<li>para enviarle mensajes de marketing directo sobre nuestros productos, servicios y promociones; y<\/li>\n<li>para entregarle anuncios dirigidos, tanto dentro como fuera del sitio web, incluyendo mediante el uso de cookies y tecnolog\u00edas similares, como se explic\u00f3 anteriormente.<\/li>\n<\/ul>\n<\/li>\n<\/ul>\n<p>puede retirar su consentimiento en cualquier momento poni\u00e9ndose en contacto con nosotros. Si retira ciertos consentimientos, es posible que ya no podamos ofrecer servicios.<\/p>\n<p>Los usuarios europeos de este sitio web tienen el derecho legal de solicitar que nos comprometamos a acciones espec\u00edficas con respecto a su informaci\u00f3n personal, que incluyen:<\/p>\n<ul>\n<li>El derecho a solicitar acceso a su informaci\u00f3n personal, incluido el derecho a que Keyland confirme si su informaci\u00f3n personal est\u00e1 siendo utilizada por Keyland;<\/li>\n<li>El derecho a que se corrija o borre su informaci\u00f3n personal;<\/li>\n<li>El derecho a oponerse o restringir el uso de Keyland de su informaci\u00f3n personal, por ejemplo cuando dicha informaci\u00f3n no es precisa o ya no es necesaria;<\/li>\n<li>El derecho a que su informaci\u00f3n personal se transfiera de Keyland a terceros;<\/li>\n<li>El derecho a no estar sujeto a la toma de decisiones automatizadas o la elaboraci\u00f3n de perfiles basada en su informaci\u00f3n personal;<\/li>\n<li>El derecho a retirar cualquier consentimiento que haya proporcionado previamente a Keyland para la recopilaci\u00f3n o el uso de sus datos personales; y<\/li>\n<li>El derecho a presentar una queja ante una autoridad supervisora.<\/li>\n<\/ul>\n<p>La informaci\u00f3n que Keyland recopila de usted ser\u00e1 transferida y almacenada en, un destino fuera del Espacio Econ\u00f3mico Europeo (\u201c<strong><em>EEA<\/em><\/strong>\u201d). Puede ser procesado por personal que opera fuera del EEE que trabaja para nosotros, o por otras entidades que act\u00faan como procesadores de datos en nuestro nombre. Keyland procesar\u00e1 y almacenar\u00e1 su informaci\u00f3n personal durante la duraci\u00f3n de nuestra relaci\u00f3n con usted, que puede ser a largo plazo, y siempre que sea necesario para cumplir con nuestras obligaciones contractuales y legales. Keyland eliminar\u00e1 sus datos:<\/p>\n<ul>\n<li>Cuando ya no sea necesario para los fines para los que fueron recolectados y procesados;<\/li>\n<li>A su solicitud u objeci\u00f3n, siempre que no existan motivos legales primordiales requiriendo que Keyland mantenga esa informaci\u00f3n;<\/li>\n<li>Cuando sea necesario para cumplir con las obligaciones legales de Keyland; y<\/li>\n<li>Si nuestra recopilaci\u00f3n de informaci\u00f3n se bas\u00f3 en su consentimiento, tras el retiro de su consentimiento.<\/li>\n<\/ul>\n<p><strong>Cambios a nuestra pol\u00edtica de privacidad<\/strong><\/p>\n<p>Es nuestra pol\u00edtica publicar cualquier cambio que hagamos en nuestra pol\u00edtica de privacidad en esta p\u00e1gina. Si realizamos cambios sustanciales en la forma en que tratamos la informaci\u00f3n personal de nuestros usuarios, se le notificar\u00e1 a trav\u00e9s de un aviso en la p\u00e1gina de inicio del sitio web. La fecha de la \u00faltima revisi\u00f3n de la pol\u00edtica de privacidad se identifica en la parte superior de la p\u00e1gina. Usted es responsable de visitar peri\u00f3dicamente nuestro sitio web y esta pol\u00edtica de privacidad para comprobar si se han producido cambios.<\/p>\n<h2>Informaci\u00f3n del Contacto<\/h2>\n<p>Keyland Polymer Material Sciences, LLC<br \/>\n4641 Hinckley Industrial Parkway<br \/>\nCleveland, OH 44109<\/p>\n<p>Tel\u00e9fono: 216-741-7191<br \/>\nFax: 216-741-5511<br \/>\nCorreo electr\u00f3nico: <a href=\"mailto:info@keylandpolymer.com\">info@keylandpolymer.com<\/a><\/p>\n<h6>\u00daltima actualizaci\u00f3n 4\/22\/2021<\/h6>\n<\/div><\/div><\/div><\/div><\/div>\n","protected":false},"excerpt":{"rendered":"","protected":false},"author":3,"featured_media":0,"parent":0,"menu_order":101,"comment_status":"closed","ping_status":"closed","template":"","meta":{"content-type":"","footnotes":""},"class_list":["post-1981","page","type-page","status-publish","hentry"],"aioseo_notices":[],"_links":{"self":[{"href":"https:\/\/www.kpuvpowder.com\/es\/wp-json\/wp\/v2\/pages\/1981","targetHints":{"allow":["GET"]}}],"collection":[{"href":"https:\/\/www.kpuvpowder.com\/es\/wp-json\/wp\/v2\/pages"}],"about":[{"href":"https:\/\/www.kpuvpowder.com\/es\/wp-json\/wp\/v2\/types\/page"}],"author":[{"embeddable":true,"href":"https:\/\/www.kpuvpowder.com\/es\/wp-json\/wp\/v2\/users\/3"}],"replies":[{"embeddable":true,"href":"https:\/\/www.kpuvpowder.com\/es\/wp-json\/wp\/v2\/comments?post=1981"}],"version-history":[{"count":0,"href":"https:\/\/www.kpuvpowder.com\/es\/wp-json\/wp\/v2\/pages\/1981\/revisions"}],"wp:attachment":[{"href":"https:\/\/www.kpuvpowder.com\/es\/wp-json\/wp\/v2\/media?parent=1981"}],"curies":[{"name":"wp","href":"https:\/\/api.w.org\/{rel}","templated":true}]}}