{"id":3240,"date":"2023-09-22T14:34:26","date_gmt":"2023-09-22T14:34:26","guid":{"rendered":"https:\/\/www.kpuvpowder.com\/?page_id=3240"},"modified":"2024-03-08T19:17:22","modified_gmt":"2024-03-08T19:17:22","slug":"rd-testing","status":"publish","type":"page","link":"https:\/\/www.kpuvpowder.com\/es\/acerca-de-nuestros-recubrimientos-en-polvo-curados-con-uv\/que-hacemos\/rd-testing\/","title":{"rendered":"I+D y ensayos"},"content":{"rendered":"<p><div class=\"fusion-fullwidth fullwidth-box fusion-builder-row-1 fusion-flex-container has-pattern-background has-mask-background fusion-parallax-none hundred-percent-fullwidth non-hundred-percent-height-scrolling\" style=\"--awb-background-position:center bottom;--awb-border-color:var(--awb-color2);--awb-border-radius-top-left:0px;--awb-border-radius-top-right:0px;--awb-border-radius-bottom-right:0px;--awb-border-radius-bottom-left:0px;--awb-padding-top:150px;--awb-padding-bottom:150px;--awb-padding-top-small:75px;--awb-padding-bottom-small:75px;--awb-margin-top:125px;--awb-margin-bottom:35px;--awb-margin-top-small:0px;--awb-background-image:url(&quot;https:\/\/www.kpuvpowder.com\/wp-content\/uploads\/2023\/04\/keyland_powder_manufacturing_RandD.jpg&quot;);--awb-background-size:cover;--awb-flex-wrap:wrap;\" ><div class=\"fusion-builder-row fusion-row fusion-flex-align-items-flex-start fusion-flex-content-wrap\" style=\"width:104% !important;max-width:104% !important;margin-left: calc(-4% \/ 2 );margin-right: calc(-4% \/ 2 );\"><div class=\"fusion-layout-column fusion_builder_column fusion-builder-column-0 fusion_builder_column_1_1 1_1 fusion-flex-column\" style=\"--awb-bg-size:cover;--awb-width-large:100%;--awb-margin-top-large:0px;--awb-spacing-right-large:1.92%;--awb-margin-bottom-large:20px;--awb-spacing-left-large:1.92%;--awb-width-medium:100%;--awb-order-medium:0;--awb-spacing-right-medium:1.92%;--awb-spacing-left-medium:1.92%;--awb-width-small:100%;--awb-order-small:0;--awb-spacing-right-small:1.92%;--awb-spacing-left-small:1.92%;\"><div class=\"fusion-column-wrapper fusion-column-has-shadow fusion-flex-justify-content-flex-start fusion-content-layout-column\"><\/div><\/div><\/div><\/div><div class=\"fusion-fullwidth fullwidth-box fusion-builder-row-2 fusion-flex-container has-pattern-background has-mask-background nonhundred-percent-fullwidth non-hundred-percent-height-scrolling\" style=\"--awb-border-radius-top-left:0px;--awb-border-radius-top-right:0px;--awb-border-radius-bottom-right:0px;--awb-border-radius-bottom-left:0px;--awb-padding-top:0px;--awb-margin-top:55px;--awb-flex-wrap:wrap;\" ><div class=\"fusion-builder-row fusion-row fusion-flex-align-items-flex-start fusion-flex-content-wrap\" style=\"max-width:1362.4px;margin-left: calc(-4% \/ 2 );margin-right: calc(-4% \/ 2 );\"><div class=\"fusion-layout-column fusion_builder_column fusion-builder-column-1 fusion_builder_column_1_1 1_1 fusion-flex-column\" style=\"--awb-bg-size:cover;--awb-width-large:100%;--awb-margin-top-large:0px;--awb-spacing-right-large:1.92%;--awb-margin-bottom-large:20px;--awb-spacing-left-large:1.92%;--awb-width-medium:100%;--awb-order-medium:0;--awb-spacing-right-medium:1.92%;--awb-spacing-left-medium:1.92%;--awb-width-small:100%;--awb-order-small:0;--awb-spacing-right-small:1.92%;--awb-spacing-left-small:1.92%;\"><div class=\"fusion-column-wrapper fusion-column-has-shadow fusion-flex-justify-content-flex-start fusion-content-layout-column\"><div class=\"fusion-title title fusion-title-1 fusion-sep-none fusion-title-text fusion-title-size-one\" style=\"--awb-margin-top-small:10px;--awb-margin-right-small:0px;--awb-margin-bottom-small:10px;--awb-margin-left-small:0px;\"><h1 class=\"fusion-title-heading title-heading-left\" style=\"margin:0;\">I+D + Capacidades de ensayo<\/h1><\/div><div class=\"fusion-text fusion-text-1\"><p>La investigaci\u00f3n y el desarrollo son el n\u00facleo de nuestro negocio. Nos esforzamos constantemente por seguir desarrollando y mejorando el rendimiento de nuestros recubrimientos en polvo de curado UV. Tanto si simplemente se pregunta si el polvo UV le servir\u00e1, como si tiene requisitos exactos de rendimiento, nuestro equipo realizar\u00e1 estudios de viabilidad y ensayos de recubrimiento pertinentes hasta que la formulaci\u00f3n sea la adecuada para sus especificaciones<\/p>\n<\/div><div class=\"fusion-separator fusion-no-small-visibility fusion-full-width-sep\" style=\"align-self: center;margin-left: auto;margin-right: auto;margin-top:10px;margin-bottom:35px;width:100%;max-width:100%;\"><div class=\"fusion-separator-border sep-single sep-solid\" style=\"--awb-height:20px;--awb-amount:20px;--awb-sep-color:rgba(127,127,127,0.8);border-color:rgba(127,127,127,0.8);border-top-width:1px;\"><\/div><\/div>\n<\/div><\/div><\/div><\/div><div class=\"fusion-fullwidth fullwidth-box fusion-builder-row-3 fusion-flex-container has-pattern-background has-mask-background nonhundred-percent-fullwidth non-hundred-percent-height-scrolling\" style=\"--awb-border-radius-top-left:0px;--awb-border-radius-top-right:0px;--awb-border-radius-bottom-right:0px;--awb-border-radius-bottom-left:0px;--awb-flex-wrap:wrap;\" ><div class=\"fusion-builder-row fusion-row fusion-flex-align-items-flex-start fusion-flex-content-wrap\" style=\"max-width:1362.4px;margin-left: calc(-4% \/ 2 );margin-right: calc(-4% \/ 2 );\"><div class=\"fusion-layout-column fusion_builder_column fusion-builder-column-2 fusion_builder_column_1_1 1_1 fusion-flex-column\" style=\"--awb-bg-size:cover;--awb-width-large:100%;--awb-margin-top-large:0px;--awb-spacing-right-large:1.92%;--awb-margin-bottom-large:20px;--awb-spacing-left-large:1.92%;--awb-width-medium:100%;--awb-order-medium:0;--awb-spacing-right-medium:1.92%;--awb-spacing-left-medium:1.92%;--awb-width-small:100%;--awb-order-small:0;--awb-spacing-right-small:1.92%;--awb-spacing-left-small:1.92%;\"><div class=\"fusion-column-wrapper fusion-column-has-shadow fusion-flex-justify-content-flex-start fusion-content-layout-column\"><div class=\"fusion-title title fusion-title-2 fusion-sep-none fusion-title-text fusion-title-size-two\" style=\"--awb-margin-top-small:10px;--awb-margin-right-small:0px;--awb-margin-bottom-small:10px;--awb-margin-left-small:0px;\"><h2 class=\"fusion-title-heading title-heading-left\" style=\"margin:0;\">Normas de ensayo<\/h2><\/div>\n<div class=\"table-1\">\n<table width=\"100%\">\n<tbody>\n<tr>\n<td align=\"left\"><strong>Test Adherencia Cuadr\u00edcula<\/strong><\/td>\n<td align=\"left\">ASTMD3359, M\u00e9todo A&amp;B<\/td>\n<\/tr>\n<tr>\n<td align=\"left\"><strong>Impacto<\/strong><\/td>\n<td align=\"left\">Metal: ASTM D2794<br \/>\nMadera: NEMA LD3-2005, 3.8<\/td>\n<\/tr>\n<tr>\n<td align=\"left\"><strong>Resistencia a la Abrasi\u00f3n<\/strong><\/td>\n<td align=\"left\">ASTM D4060<\/td>\n<\/tr>\n<tr>\n<td align=\"left\"><strong>Dureza del L\u00e1piz<\/strong><\/td>\n<td align=\"left\">ASTM D3363<\/td>\n<\/tr>\n<tr>\n<td align=\"left\"><strong>Limpieza\/Resistencia a las Manchas<\/strong><\/td>\n<td align=\"left\">NEMA LD3-2005, 3.4<\/td>\n<\/tr>\n<tr>\n<td align=\"left\"><strong>An\u00e1lisis de Color<\/strong><\/td>\n<td align=\"left\">Espectrofot\u00f3metro<\/td>\n<\/tr>\n<tr>\n<td style=\"text-align: right;\" align=\"left\">Color, diferencias Iluminaci\u00f3n difusa<\/td>\n<td align=\"left\">ASTM, D1729<\/td>\n<\/tr>\n<tr>\n<td align=\"left\"><strong>Medici\u00f3n del Espesor del Recubrimiento<\/strong><\/td>\n<td align=\"left\"><\/td>\n<\/tr>\n<tr>\n<td style=\"text-align: right;\" align=\"left\">No-Destructivo<\/td>\n<td align=\"left\">ASTM D6132<\/td>\n<\/tr>\n<tr>\n<td style=\"text-align: right;\" align=\"left\">Destructivo<\/td>\n<td align=\"left\">ASTM D4138<\/td>\n<\/tr>\n<tr>\n<td align=\"left\"><b>Resistencia a Disolventes<\/b><\/td>\n<td align=\"left\">PCI #8<\/td>\n<\/tr>\n<tr>\n<td align=\"left\"><strong>Doblado. Mandril c\u00f3nico y cil\u00edndrico<\/strong><\/td>\n<td align=\"left\">ASTM D522 M\u00e9todos A&amp;B<\/td>\n<\/tr>\n<tr>\n<td align=\"left\"><strong>Brillo<\/strong><\/td>\n<td align=\"left\">ASTM D523<\/td>\n<\/tr>\n<tr>\n<td align=\"left\"><strong>Resistencia al Agua Hirviendo<\/strong><\/td>\n<td align=\"left\">NEMA LD3-2005, 3.5<\/td>\n<\/tr>\n<tr>\n<td align=\"left\"><strong>Evaluaci\u00f3n de Texturas<\/strong><\/td>\n<td align=\"left\">Normas PCI<\/td>\n<\/tr>\n<\/tbody>\n<\/table>\n<\/div>\n<\/div><\/div><\/div><\/div><div class=\"fusion-fullwidth fullwidth-box fusion-builder-row-4 fusion-flex-container has-pattern-background has-mask-background nonhundred-percent-fullwidth non-hundred-percent-height-scrolling\" style=\"--awb-border-radius-top-left:0px;--awb-border-radius-top-right:0px;--awb-border-radius-bottom-right:0px;--awb-border-radius-bottom-left:0px;--awb-padding-top:50px;--awb-padding-bottom:50px;--awb-margin-top:35px;--awb-margin-bottom:0px;--awb-background-color:rgba(232,232,233,0.75);--awb-flex-wrap:wrap;\" ><div class=\"fusion-builder-row fusion-row fusion-flex-align-items-flex-start fusion-flex-content-wrap\" style=\"max-width:1362.4px;margin-left: calc(-4% \/ 2 );margin-right: calc(-4% \/ 2 );\"><div class=\"fusion-layout-column fusion_builder_column fusion-builder-column-3 fusion_builder_column_1_1 1_1 fusion-flex-column\" style=\"--awb-bg-size:cover;--awb-width-large:100%;--awb-margin-top-large:0px;--awb-spacing-right-large:1.92%;--awb-margin-bottom-large:20px;--awb-spacing-left-large:1.92%;--awb-width-medium:100%;--awb-order-medium:0;--awb-spacing-right-medium:1.92%;--awb-spacing-left-medium:1.92%;--awb-width-small:100%;--awb-order-small:0;--awb-spacing-right-small:1.92%;--awb-spacing-left-small:1.92%;\"><div class=\"fusion-column-wrapper fusion-column-has-shadow fusion-flex-justify-content-flex-start fusion-content-layout-column\"><div class=\"fusion-text fusion-text-2\"><h2 class=\"\" style=\"--fontsize: 38; line-height: 1;\" data-fontsize=\"38\" data-lineheight=\"38px\">Capacidades y Equipos de Prueba de Polvo<\/h2>\n<p>Es importante tener un buen flujo de polvo y propiedades de carga al aplicar electrost\u00e1ticamente recubrimientos en polvo UV. Por lo tanto, realizamos pruebas de nuestros sistemas en polvo para determinar las condiciones \u00f3ptimas para su aplicaci\u00f3n.<\/p>\n<h3 class=\"fusion-responsive-typography-calculated\" style=\"--fontsize: 21; line-height: 1.4; --minfontsize: 21;\" data-fontsize=\"21\" data-lineheight=\"29.4px\">Nuestro polvo UV ha sido sometido a pruebas de rendimiento para comprobar sus propiedades:<\/h3>\n<ul>\n<li>Fluidificaci\u00f3n<\/li>\n<li>Estabilidad de almacenamiento<\/li>\n<li>Distribuci\u00f3n granulom\u00e9trica<\/li>\n<li>Viscosidad<\/li>\n<li>Pruebas de curado (DSC\/FTRIR)<\/li>\n<\/ul>\n<p>Si tiene alguna otra pregunta o necesita que le realicemos una prueba espec\u00edfica, <a href=\"https:\/\/www.kpuvpowder.com\/es\/contacte-con-nosotros\/\">p\u00f3ngase en contacto con nosotros<\/a>. Nuestro laboratorio siempre est\u00e1 dispuesto a aceptar nuevos retos.<\/p>\n<\/div><\/div><\/div><\/div><\/div><\/p>\n","protected":false},"excerpt":{"rendered":"","protected":false},"author":21,"featured_media":0,"parent":3216,"menu_order":0,"comment_status":"closed","ping_status":"closed","template":"100-width.php","meta":{"content-type":"","footnotes":""},"class_list":["post-3240","page","type-page","status-publish","hentry"],"aioseo_notices":[],"_links":{"self":[{"href":"https:\/\/www.kpuvpowder.com\/es\/wp-json\/wp\/v2\/pages\/3240","targetHints":{"allow":["GET"]}}],"collection":[{"href":"https:\/\/www.kpuvpowder.com\/es\/wp-json\/wp\/v2\/pages"}],"about":[{"href":"https:\/\/www.kpuvpowder.com\/es\/wp-json\/wp\/v2\/types\/page"}],"author":[{"embeddable":true,"href":"https:\/\/www.kpuvpowder.com\/es\/wp-json\/wp\/v2\/users\/21"}],"replies":[{"embeddable":true,"href":"https:\/\/www.kpuvpowder.com\/es\/wp-json\/wp\/v2\/comments?post=3240"}],"version-history":[{"count":0,"href":"https:\/\/www.kpuvpowder.com\/es\/wp-json\/wp\/v2\/pages\/3240\/revisions"}],"up":[{"embeddable":true,"href":"https:\/\/www.kpuvpowder.com\/es\/wp-json\/wp\/v2\/pages\/3216"}],"wp:attachment":[{"href":"https:\/\/www.kpuvpowder.com\/es\/wp-json\/wp\/v2\/media?parent=3240"}],"curies":[{"name":"wp","href":"https:\/\/api.w.org\/{rel}","templated":true}]}}