{"id":3252,"date":"2023-09-20T13:18:08","date_gmt":"2023-09-20T13:18:08","guid":{"rendered":"https:\/\/www.kpuvpowder.com\/?page_id=3252"},"modified":"2024-03-08T18:17:10","modified_gmt":"2024-03-08T18:17:10","slug":"velocidad","status":"publish","type":"page","link":"https:\/\/www.kpuvpowder.com\/es\/por-que-uv-polvo\/velocidad\/","title":{"rendered":"Velocidad"},"content":{"rendered":"<p><div class=\"fusion-fullwidth fullwidth-box fusion-builder-row-1 fusion-flex-container has-pattern-background has-mask-background fusion-parallax-none hundred-percent-fullwidth non-hundred-percent-height-scrolling\" style=\"--awb-border-color:var(--awb-color2);--awb-border-radius-top-left:0px;--awb-border-radius-top-right:0px;--awb-border-radius-bottom-right:0px;--awb-border-radius-bottom-left:0px;--awb-padding-top:150px;--awb-padding-bottom:150px;--awb-padding-top-small:75px;--awb-padding-bottom-small:75px;--awb-margin-top:125px;--awb-margin-bottom:35px;--awb-margin-top-small:0px;--awb-background-image:url(&quot;https:\/\/www.kpuvpowder.com\/wp-content\/uploads\/2023\/04\/speed_of_UV_powder_coating.jpg&quot;);--awb-background-size:cover;--awb-flex-wrap:wrap;\" ><div class=\"fusion-builder-row fusion-row fusion-flex-align-items-flex-start fusion-flex-content-wrap\" style=\"width:104% !important;max-width:104% !important;margin-left: calc(-4% \/ 2 );margin-right: calc(-4% \/ 2 );\"><div class=\"fusion-layout-column fusion_builder_column fusion-builder-column-0 fusion_builder_column_1_1 1_1 fusion-flex-column\" style=\"--awb-bg-size:cover;--awb-width-large:100%;--awb-margin-top-large:0px;--awb-spacing-right-large:1.92%;--awb-margin-bottom-large:20px;--awb-spacing-left-large:1.92%;--awb-width-medium:100%;--awb-order-medium:0;--awb-spacing-right-medium:1.92%;--awb-spacing-left-medium:1.92%;--awb-width-small:100%;--awb-order-small:0;--awb-spacing-right-small:1.92%;--awb-spacing-left-small:1.92%;\"><div class=\"fusion-column-wrapper fusion-column-has-shadow fusion-flex-justify-content-flex-start fusion-content-layout-column\"><\/div><\/div><\/div><\/div><div class=\"fusion-fullwidth fullwidth-box fusion-builder-row-2 fusion-flex-container has-pattern-background has-mask-background nonhundred-percent-fullwidth non-hundred-percent-height-scrolling\" style=\"--awb-border-radius-top-left:0px;--awb-border-radius-top-right:0px;--awb-border-radius-bottom-right:0px;--awb-border-radius-bottom-left:0px;--awb-margin-top:55px;--awb-flex-wrap:wrap;\" ><div class=\"fusion-builder-row fusion-row fusion-flex-align-items-flex-start fusion-flex-content-wrap\" style=\"max-width:1362.4px;margin-left: calc(-4% \/ 2 );margin-right: calc(-4% \/ 2 );\"><div class=\"fusion-layout-column fusion_builder_column fusion-builder-column-1 fusion_builder_column_1_1 1_1 fusion-flex-column\" style=\"--awb-bg-size:cover;--awb-width-large:100%;--awb-margin-top-large:0px;--awb-spacing-right-large:1.92%;--awb-margin-bottom-large:20px;--awb-spacing-left-large:1.92%;--awb-width-medium:100%;--awb-order-medium:0;--awb-spacing-right-medium:1.92%;--awb-spacing-left-medium:1.92%;--awb-width-small:100%;--awb-order-small:0;--awb-spacing-right-small:1.92%;--awb-spacing-left-small:1.92%;\"><div class=\"fusion-column-wrapper fusion-column-has-shadow fusion-flex-justify-content-flex-start fusion-content-layout-column\"><div class=\"fusion-title title fusion-title-1 fusion-sep-none fusion-title-text fusion-title-size-one\" style=\"--awb-margin-top-small:10px;--awb-margin-right-small:0px;--awb-margin-bottom-small:10px;--awb-margin-left-small:0px;\"><h1 class=\"fusion-title-heading title-heading-left\" style=\"margin:0;\">Velocidad de curado UV<\/h1><\/div><div class=\"fusion-text fusion-text-1 fusion-text-no-margin\" style=\"--awb-margin-bottom:25px;\"><div id=\"bannerR\">\n<h3 id=\"div-gpt-ad-1474537762122-3\" data-google-query-id=\"CLf1yrTWtfoCFbDCTwId-OsEug\">La velocidad de curado durante el proceso de recubrimiento en polvo por curado UV es una de las ventajas m\u00e1s significativas de esta tecnolog\u00eda.<\/h3>\n<div data-google-query-id=\"CLf1yrTWtfoCFbDCTwId-OsEug\"><\/div>\n<div data-google-query-id=\"CLf1yrTWtfoCFbDCTwId-OsEug\"><span style=\"color: var(--body_typography-color); font-family: var(--body_typography-font-family); font-size: var(--body_typography-font-size); font-style: var(--body_typography-font-style,normal); font-weight: var(--body_typography-font-weight); letter-spacing: var(--body_typography-letter-spacing); background-color: rgba(255, 255, 255, 0);\">Un tiempo y un calor excesivos en un horno de curado pueden fundir o deformar los sustratos sensibles a la temperatura, como la madera, los materiales compuestos o el pl\u00e1stico, y a menudo destruyen los componentes internos de los productos. Desde  <\/span><span style=\"background-color: rgba(255, 255, 255, 0); color: var(--body_typography-color); font-family: var(--body_typography-font-family); font-size: var(--body_typography-font-size); font-style: var(--body_typography-font-style,normal); font-weight: var(--body_typography-font-weight); letter-spacing: var(--body_typography-letter-spacing);\">El curado UV es instant\u00e1neo, elimina la necesidad de curar el polvo en el horno, que puede durar hasta 30 minutos. La eliminaci\u00f3n de un horno de curado prolongado tambi\u00e9n acelera el tiempo total del proceso de acabado de las piezas.<\/span><\/div>\n<\/div>\n<div class=\"boxed\">\n<div id=\"lipsum\"><\/div>\n<\/div>\n<\/div><div class=\"fusion-separator fusion-no-small-visibility fusion-full-width-sep\" style=\"align-self: center;margin-left: auto;margin-right: auto;margin-top:10px;margin-bottom:35px;width:100%;max-width:100%;\"><div class=\"fusion-separator-border sep-single sep-solid\" style=\"--awb-height:20px;--awb-amount:20px;--awb-sep-color:rgba(127,127,127,0.8);border-color:rgba(127,127,127,0.8);border-top-width:1px;\"><\/div><\/div>\n<\/div><\/div><div class=\"fusion-layout-column fusion_builder_column fusion-builder-column-2 fusion_builder_column_3_5 3_5 fusion-flex-column\" style=\"--awb-bg-size:cover;--awb-width-large:60%;--awb-margin-top-large:0px;--awb-spacing-right-large:3.2%;--awb-margin-bottom-large:20px;--awb-spacing-left-large:3.2%;--awb-width-medium:60%;--awb-order-medium:0;--awb-spacing-right-medium:3.2%;--awb-spacing-left-medium:3.2%;--awb-width-small:100%;--awb-order-small:0;--awb-spacing-right-small:1.92%;--awb-spacing-left-small:1.92%;\"><div class=\"fusion-column-wrapper fusion-column-has-shadow fusion-flex-justify-content-flex-start fusion-content-layout-column\"><div class=\"fusion-text fusion-text-2\"><h2>Revestimiento en polvo UV frente a t\u00e9rmico<\/h2>\n<\/div><div class=\"fusion-image-element \" style=\"text-align:center;--awb-caption-title-font-family:var(--h2_typography-font-family);--awb-caption-title-font-weight:var(--h2_typography-font-weight);--awb-caption-title-font-style:var(--h2_typography-font-style);--awb-caption-title-size:var(--h2_typography-font-size);--awb-caption-title-transform:var(--h2_typography-text-transform);--awb-caption-title-line-height:var(--h2_typography-line-height);--awb-caption-title-letter-spacing:var(--h2_typography-letter-spacing);\"><span class=\" fusion-imageframe imageframe-none imageframe-1 hover-type-none\"><img decoding=\"async\" width=\"1024\" height=\"666\" alt=\"La velocidad de curado durante el proceso de recubrimiento en polvo por curado UV es una de las ventajas m\u00e1s significativas de esta tecnolog\u00eda.\" title=\"keyland_polymer_processes\" src=\"https:\/\/www.kpuvpowder.com\/wp-content\/uploads\/2024\/02\/keyland_polymer_processes_es-1-1024x666.gif\" class=\"img-responsive wp-image-3612\" srcset=\"https:\/\/www.kpuvpowder.com\/wp-content\/uploads\/2024\/02\/keyland_polymer_processes_es-1-200x130.gif 200w, https:\/\/www.kpuvpowder.com\/wp-content\/uploads\/2024\/02\/keyland_polymer_processes_es-1-400x260.gif 400w, https:\/\/www.kpuvpowder.com\/wp-content\/uploads\/2024\/02\/keyland_polymer_processes_es-1-600x390.gif 600w, https:\/\/www.kpuvpowder.com\/wp-content\/uploads\/2024\/02\/keyland_polymer_processes_es-1-800x520.gif 800w, https:\/\/www.kpuvpowder.com\/wp-content\/uploads\/2024\/02\/keyland_polymer_processes_es-1-1200x780.gif 1200w\" sizes=\"(max-width: 640px) 100vw, 800px\" \/><\/span><\/div><\/div><\/div><div class=\"fusion-layout-column fusion_builder_column fusion-builder-column-3 fusion_builder_column_2_5 2_5 fusion-flex-column\" style=\"--awb-padding-top:20px;--awb-padding-right:35px;--awb-padding-bottom:20px;--awb-padding-left:35px;--awb-overflow:hidden;--awb-bg-color:rgba(232,232,233,0.75);--awb-bg-color-hover:rgba(232,232,233,0.75);--awb-bg-size:cover;--awb-border-radius:15px 15px 15px 15px;--awb-width-large:40%;--awb-margin-top-large:0px;--awb-spacing-right-large:4.8%;--awb-margin-bottom-large:20px;--awb-spacing-left-large:4.8%;--awb-width-medium:40%;--awb-order-medium:0;--awb-spacing-right-medium:4.8%;--awb-spacing-left-medium:4.8%;--awb-width-small:100%;--awb-order-small:0;--awb-spacing-right-small:1.92%;--awb-spacing-left-small:1.92%;\" data-scroll-devices=\"small-visibility,medium-visibility,large-visibility\"><div class=\"fusion-column-wrapper fusion-column-has-shadow fusion-flex-justify-content-flex-start fusion-content-layout-column\"><div class=\"fusion-text fusion-text-3\"><h2>La diferencia fundamental<\/h2>\n<\/div><div class=\"fusion-text fusion-text-4\"><ul>\n<li>Polvo fabricado en el mismo equipo y aplicado de la misma manera<\/li>\n<li>La diferencia clave es la separaci\u00f3n de la fase de fusi\u00f3n y la de curado<\/li>\n<li>El resultado es un revestimiento duradero en <strong>MENOS<\/strong> tiempo y con <strong>MENOS<\/strong> calor<\/li>\n<\/ul>\n<\/div><\/div><\/div><div class=\"fusion-layout-column fusion_builder_column fusion-builder-column-4 fusion_builder_column_1_1 1_1 fusion-flex-column\" style=\"--awb-bg-size:cover;--awb-width-large:100%;--awb-margin-top-large:0px;--awb-spacing-right-large:1.92%;--awb-margin-bottom-large:20px;--awb-spacing-left-large:1.92%;--awb-width-medium:100%;--awb-order-medium:0;--awb-spacing-right-medium:1.92%;--awb-spacing-left-medium:1.92%;--awb-width-small:100%;--awb-order-small:0;--awb-spacing-right-small:1.92%;--awb-spacing-left-small:1.92%;\"><div class=\"fusion-column-wrapper fusion-column-has-shadow fusion-flex-justify-content-flex-start fusion-content-layout-column\"><div class=\"fusion-separator fusion-full-width-sep\" style=\"align-self: center;margin-left: auto;margin-right: auto;margin-top:40px;margin-bottom:40px;width:100%;max-width:100%;\"><div class=\"fusion-separator-border sep-single sep-solid\" style=\"--awb-height:20px;--awb-amount:20px;--awb-sep-color:rgba(127,127,127,0.5);border-color:rgba(127,127,127,0.5);border-top-width:1px;\"><\/div><\/div>\n<div class=\"fusion-testimonials classic awb-speech-bubble-show fusion-testimonials-1\" style=\"--awb-textcolor:var(--awb-color6);--awb-backgroundcolor:var(--awb-color3);--awb-testimonial-border-style:solid;--awb-testimonial-border-color:var(--awb-color3);--awb-border-top-left-radius:0px;--awb-border-top-right-radius:0px;--awb-border-bottom-left-radius:0px;--awb-border-bottom-right-radius:0px;--testimonial-border-width-top:0px;--testimonial-border-width-right:0px;--testimonial-border-width-bottom:0px;--testimonial-border-width-left:0px;\" data-random=\"0\" data-speed=\"4000\"><div class=\"reviews\"><div class=\"review active-testimonial no-avatar\"><blockquote><div class=\"awb-quote\"><div class=\"awb-quote-content\">\n<p class=\"testimonial\">\u00abLo que antes nos llevaba 4 d\u00edas con pintura l\u00edquida, ahora nos lleva 4 horas con la pintura en polvo de curado UV\u00bb.<\/p>\n<\/div><\/div><span class=\"awb-triangle\"><\/span><\/blockquote><div class=\"author\"><span class=\"company-name\"><strong>Testimonio de un cliente<\/strong><span>, <\/span><span>Productos globales para la construcci\u00f3n<\/span><\/span><\/div><\/div><\/div><\/div><\/div><\/div><\/div><\/div><\/p>\n","protected":false},"excerpt":{"rendered":"","protected":false},"author":21,"featured_media":0,"parent":3241,"menu_order":0,"comment_status":"closed","ping_status":"closed","template":"100-width.php","meta":{"content-type":"","footnotes":""},"class_list":["post-3252","page","type-page","status-publish","hentry"],"aioseo_notices":[],"_links":{"self":[{"href":"https:\/\/www.kpuvpowder.com\/es\/wp-json\/wp\/v2\/pages\/3252","targetHints":{"allow":["GET"]}}],"collection":[{"href":"https:\/\/www.kpuvpowder.com\/es\/wp-json\/wp\/v2\/pages"}],"about":[{"href":"https:\/\/www.kpuvpowder.com\/es\/wp-json\/wp\/v2\/types\/page"}],"author":[{"embeddable":true,"href":"https:\/\/www.kpuvpowder.com\/es\/wp-json\/wp\/v2\/users\/21"}],"replies":[{"embeddable":true,"href":"https:\/\/www.kpuvpowder.com\/es\/wp-json\/wp\/v2\/comments?post=3252"}],"version-history":[{"count":0,"href":"https:\/\/www.kpuvpowder.com\/es\/wp-json\/wp\/v2\/pages\/3252\/revisions"}],"up":[{"embeddable":true,"href":"https:\/\/www.kpuvpowder.com\/es\/wp-json\/wp\/v2\/pages\/3241"}],"wp:attachment":[{"href":"https:\/\/www.kpuvpowder.com\/es\/wp-json\/wp\/v2\/media?parent=3252"}],"curies":[{"name":"wp","href":"https:\/\/api.w.org\/{rel}","templated":true}]}}