{"id":3258,"date":"2023-09-20T13:18:04","date_gmt":"2023-09-20T13:18:04","guid":{"rendered":"https:\/\/www.kpuvpowder.com\/?page_id=3258"},"modified":"2023-09-20T13:18:04","modified_gmt":"2023-09-20T13:18:04","slug":"trabajar-con-integradores-de-sistemas","status":"publish","type":"page","link":"https:\/\/www.kpuvpowder.com\/es\/trabajar-con-integradores-de-sistemas\/","title":{"rendered":"Trabajando con Integradores de Sistemas"},"content":{"rendered":"<p><div class=\"fusion-fullwidth fullwidth-box fusion-builder-row-1 fusion-flex-container nonhundred-percent-fullwidth non-hundred-percent-height-scrolling\" style=\"--awb-border-color:var(--awb-color2);--awb-border-radius-top-left:0px;--awb-border-radius-top-right:0px;--awb-border-radius-bottom-right:0px;--awb-border-radius-bottom-left:0px;--awb-padding-bottom:0px;--awb-min-height:200px;--awb-flex-wrap:wrap;\" ><div class=\"fusion-builder-row fusion-row fusion-flex-align-items-flex-start fusion-flex-content-wrap\" style=\"max-width:1362.4px;margin-left: calc(-4% \/ 2 );margin-right: calc(-4% \/ 2 );\"><div class=\"fusion-layout-column fusion_builder_column fusion-builder-column-0 fusion_builder_column_1_1 1_1 fusion-flex-column\" style=\"--awb-bg-size:cover;--awb-width-large:100%;--awb-margin-top-large:0px;--awb-spacing-right-large:1.92%;--awb-margin-bottom-large:20px;--awb-spacing-left-large:1.92%;--awb-width-medium:100%;--awb-order-medium:0;--awb-spacing-right-medium:1.92%;--awb-spacing-left-medium:1.92%;--awb-width-small:100%;--awb-order-small:0;--awb-spacing-right-small:1.92%;--awb-spacing-left-small:1.92%;\"><div class=\"fusion-column-wrapper fusion-column-has-shadow fusion-flex-justify-content-flex-start fusion-content-layout-column\"><div class=\"fusion-image-element \" style=\"--awb-caption-title-font-family:var(--h2_typography-font-family);--awb-caption-title-font-weight:var(--h2_typography-font-weight);--awb-caption-title-font-style:var(--h2_typography-font-style);--awb-caption-title-size:var(--h2_typography-font-size);--awb-caption-title-transform:var(--h2_typography-text-transform);--awb-caption-title-line-height:var(--h2_typography-line-height);--awb-caption-title-letter-spacing:var(--h2_typography-letter-spacing);\"><span class=\" fusion-imageframe imageframe-none imageframe-1 hover-type-none\"><img decoding=\"async\" width=\"1300\" height=\"300\" title=\"UV_powder_for_MDF_5\" src=\"https:\/\/www.kpuvpowder.com\/wp-content\/uploads\/2022\/07\/UV_powder_for_MDF_5.jpg\" alt class=\"img-responsive wp-image-2537\" srcset=\"https:\/\/www.kpuvpowder.com\/wp-content\/uploads\/2022\/07\/UV_powder_for_MDF_5-200x46.jpg 200w, https:\/\/www.kpuvpowder.com\/wp-content\/uploads\/2022\/07\/UV_powder_for_MDF_5-400x92.jpg 400w, https:\/\/www.kpuvpowder.com\/wp-content\/uploads\/2022\/07\/UV_powder_for_MDF_5-600x138.jpg 600w, https:\/\/www.kpuvpowder.com\/wp-content\/uploads\/2022\/07\/UV_powder_for_MDF_5-800x185.jpg 800w, https:\/\/www.kpuvpowder.com\/wp-content\/uploads\/2022\/07\/UV_powder_for_MDF_5-1200x277.jpg 1200w, https:\/\/www.kpuvpowder.com\/wp-content\/uploads\/2022\/07\/UV_powder_for_MDF_5.jpg 1300w\" sizes=\"(max-width: 640px) 100vw, 1300px\" \/><\/span><\/div><\/div><\/div><\/div><\/div><div class=\"fusion-fullwidth fullwidth-box fusion-builder-row-2 fusion-flex-container has-pattern-background has-mask-background nonhundred-percent-fullwidth non-hundred-percent-height-scrolling\" style=\"--awb-border-radius-top-left:0px;--awb-border-radius-top-right:0px;--awb-border-radius-bottom-right:0px;--awb-border-radius-bottom-left:0px;--awb-padding-top:0px;--awb-margin-top:25px;--awb-flex-wrap:wrap;\" ><div class=\"fusion-builder-row fusion-row fusion-flex-align-items-flex-start fusion-flex-content-wrap\" style=\"max-width:1362.4px;margin-left: calc(-4% \/ 2 );margin-right: calc(-4% \/ 2 );\"><div class=\"fusion-layout-column fusion_builder_column fusion-builder-column-1 fusion_builder_column_1_1 1_1 fusion-flex-column\" style=\"--awb-bg-size:cover;--awb-width-large:100%;--awb-margin-top-large:0px;--awb-spacing-right-large:1.92%;--awb-margin-bottom-large:20px;--awb-spacing-left-large:1.92%;--awb-width-medium:100%;--awb-order-medium:0;--awb-spacing-right-medium:1.92%;--awb-spacing-left-medium:1.92%;--awb-width-small:100%;--awb-order-small:0;--awb-spacing-right-small:1.92%;--awb-spacing-left-small:1.92%;\"><div class=\"fusion-column-wrapper fusion-column-has-shadow fusion-flex-justify-content-flex-start fusion-content-layout-column\"><div class=\"fusion-title title fusion-title-1 fusion-sep-none fusion-title-text fusion-title-size-one\" style=\"--awb-margin-top-small:10px;--awb-margin-right-small:0px;--awb-margin-bottom-small:10px;--awb-margin-left-small:0px;\"><h1 class=\"fusion-title-heading title-heading-left\" style=\"margin:0;\">Trabajando con Integradores de Sistemas<\/h1><\/div><\/div><\/div><div class=\"fusion-layout-column fusion_builder_column fusion-builder-column-2 fusion_builder_column_1_1 1_1 fusion-flex-column\" style=\"--awb-bg-size:cover;--awb-width-large:100%;--awb-margin-top-large:0px;--awb-spacing-right-large:1.92%;--awb-margin-bottom-large:25px;--awb-spacing-left-large:1.92%;--awb-width-medium:100%;--awb-order-medium:0;--awb-spacing-right-medium:1.92%;--awb-spacing-left-medium:1.92%;--awb-width-small:100%;--awb-order-small:0;--awb-spacing-right-small:1.92%;--awb-spacing-left-small:1.92%;\"><div class=\"fusion-column-wrapper fusion-column-has-shadow fusion-flex-justify-content-flex-start fusion-content-layout-column\"><div class=\"fusion-text fusion-text-1\"><p>Un integrador de sistema es una pieza importante en el proceso de dise\u00f1o del sistema. Los integradores de sistemas trabajan directamente con Keyland Polymer, el equipo de fabricantes y el cliente para dise\u00f1ar, desarrollar, probar e instalar el sistema de recubrimiento en polvo curado con UV. Actuando como el gerente de proyecto, el integrador gestiona y dirige el proceso y asegura que el proyecto se mantenga en marcha y se complete con \u00e9xito<\/p>\n<p>Keyland Polymer trabaja con varios integradores de sistemas en la industria de los recubrimientos. Si un cliente tiene un integrador actual o capacidades de ingenier\u00eda internas, estamos m\u00e1s que felices de trabajar con ellos. Sin embargo, si este no es el caso, podemos recomendar una selecci\u00f3n de integradores para trabajor con ellos.<\/p>\n<p>Si es usted integrador de sistemas y est\u00e1 interesado en saber m\u00e1s sobre c\u00f3mo podemos trabajar juntos, rellene nuestro Formulario de contacto.<\/p>\n<h3>Nuestra Meta<\/h3>\n<p>Nuestra meta es llevar la tecnolog\u00eda de la qu\u00edmica y el acabado del recubrimiento en polvo curado con UV a la vanguard\u00eda del mercado &#8211; reemplazando el termino de vida del solvente l\u00edquido y los sistemas de recubrimiento en polvo t\u00e9rmico o agregando nueva capacidad de acabado.<\/p>\n<\/div><\/div><\/div><div class=\"fusion-layout-column fusion_builder_column fusion-builder-column-3 fusion_builder_column_3_5 3_5 fusion-flex-column\" style=\"--awb-bg-size:cover;--awb-width-large:60%;--awb-margin-top-large:0px;--awb-spacing-right-large:3.2%;--awb-margin-bottom-large:20px;--awb-spacing-left-large:3.2%;--awb-width-medium:60%;--awb-order-medium:0;--awb-spacing-right-medium:3.2%;--awb-spacing-left-medium:3.2%;--awb-width-small:100%;--awb-order-small:0;--awb-spacing-right-small:1.92%;--awb-spacing-left-small:1.92%;\"><div class=\"fusion-column-wrapper fusion-column-has-shadow fusion-flex-justify-content-flex-start fusion-content-layout-column\"><div class=\"fusion-text fusion-text-2\"><h4>C\u00f3mo Trabajamos<\/h4>\n<p>Cuando se nos presenta un proyecto, primero determinamos si los recubrimientos en polvo curados con UV encajar\u00edan bien. Si el proyecto es adecuado y avanza, involucramos a los integradores de sistemas y fabricantes de equipos en el proceso de dise\u00f1o del sistema. En ese momento, trabajar\u00edamos juntos para desarrollar un sistema de aplicaci\u00f3n de recubrimiento en polvo curado con UV listo para usar para el cliente.<\/p>\n<p>El cliente toma la decisi\u00f3n final y elige con que integrador de sistemas y fabricantes de equipos quiere trabajar.<\/p>\n<h4>Vamos a Trabajar Juntos<\/h4>\n<p>Ll\u00e1menos al 216- 741-7915 o env\u00edenos un correo electr\u00f3nico, \u00a1nos encantar\u00eda charlar!<\/p>\n<\/div><\/div><\/div><div class=\"fusion-layout-column fusion_builder_column fusion-builder-column-4 fusion_builder_column_2_5 2_5 fusion-flex-column\" style=\"--awb-bg-size:cover;--awb-width-large:40%;--awb-margin-top-large:0px;--awb-spacing-right-large:4.8%;--awb-margin-bottom-large:20px;--awb-spacing-left-large:4.8%;--awb-width-medium:40%;--awb-order-medium:0;--awb-spacing-right-medium:4.8%;--awb-spacing-left-medium:4.8%;--awb-width-small:100%;--awb-order-small:0;--awb-spacing-right-small:1.92%;--awb-spacing-left-small:1.92%;\"><div class=\"fusion-column-wrapper fusion-column-has-shadow fusion-flex-justify-content-flex-start fusion-content-layout-column\"><div class=\"fusion-image-element \" style=\"--awb-caption-title-font-family:var(--h2_typography-font-family);--awb-caption-title-font-weight:var(--h2_typography-font-weight);--awb-caption-title-font-style:var(--h2_typography-font-style);--awb-caption-title-size:var(--h2_typography-font-size);--awb-caption-title-transform:var(--h2_typography-text-transform);--awb-caption-title-line-height:var(--h2_typography-line-height);--awb-caption-title-letter-spacing:var(--h2_typography-letter-spacing);\"><span class=\" fusion-imageframe imageframe-none imageframe-2 hover-type-none\"><img decoding=\"async\" width=\"800\" height=\"520\" title=\"keyland_polymer_relationship\" src=\"https:\/\/www.kpuvpowder.com\/wp-content\/uploads\/2022\/09\/keyland_polymer_relationship-1.svg\" alt class=\"img-responsive wp-image-2583\"\/><\/span><\/div><\/div><\/div><\/div><\/div><\/p>\n","protected":false},"excerpt":{"rendered":"","protected":false},"author":21,"featured_media":0,"parent":0,"menu_order":0,"comment_status":"closed","ping_status":"closed","template":"100-width.php","meta":{"content-type":"","footnotes":""},"class_list":["post-3258","page","type-page","status-publish","hentry"],"aioseo_notices":[],"_links":{"self":[{"href":"https:\/\/www.kpuvpowder.com\/es\/wp-json\/wp\/v2\/pages\/3258","targetHints":{"allow":["GET"]}}],"collection":[{"href":"https:\/\/www.kpuvpowder.com\/es\/wp-json\/wp\/v2\/pages"}],"about":[{"href":"https:\/\/www.kpuvpowder.com\/es\/wp-json\/wp\/v2\/types\/page"}],"author":[{"embeddable":true,"href":"https:\/\/www.kpuvpowder.com\/es\/wp-json\/wp\/v2\/users\/21"}],"replies":[{"embeddable":true,"href":"https:\/\/www.kpuvpowder.com\/es\/wp-json\/wp\/v2\/comments?post=3258"}],"version-history":[{"count":0,"href":"https:\/\/www.kpuvpowder.com\/es\/wp-json\/wp\/v2\/pages\/3258\/revisions"}],"wp:attachment":[{"href":"https:\/\/www.kpuvpowder.com\/es\/wp-json\/wp\/v2\/media?parent=3258"}],"curies":[{"name":"wp","href":"https:\/\/api.w.org\/{rel}","templated":true}]}}