{"id":3265,"date":"2023-09-20T13:18:03","date_gmt":"2023-09-20T13:18:03","guid":{"rendered":"https:\/\/www.kpuvpowder.com\/?page_id=3265"},"modified":"2023-09-20T13:18:03","modified_gmt":"2023-09-20T13:18:03","slug":"proceso-de-aplicacion-de-revestimientos-curables-uv","status":"publish","type":"page","link":"https:\/\/www.kpuvpowder.com\/es\/proceso-de-aplicacion-de-revestimientos-curables-uv\/","title":{"rendered":"Proceso de Aplicaci\u00f3n de Recubriminetos Curados UV"},"content":{"rendered":"<p><div class=\"fusion-fullwidth fullwidth-box fusion-builder-row-1 fusion-flex-container nonhundred-percent-fullwidth non-hundred-percent-height-scrolling\" style=\"--awb-border-color:var(--awb-color2);--awb-border-radius-top-left:0px;--awb-border-radius-top-right:0px;--awb-border-radius-bottom-right:0px;--awb-border-radius-bottom-left:0px;--awb-padding-bottom:0px;--awb-min-height:200px;--awb-flex-wrap:wrap;\" ><div class=\"fusion-builder-row fusion-row fusion-flex-align-items-flex-start fusion-flex-content-wrap\" style=\"max-width:1362.4px;margin-left: calc(-4% \/ 2 );margin-right: calc(-4% \/ 2 );\"><div class=\"fusion-layout-column fusion_builder_column fusion-builder-column-0 fusion_builder_column_1_1 1_1 fusion-flex-column\" style=\"--awb-bg-size:cover;--awb-width-large:100%;--awb-margin-top-large:0px;--awb-spacing-right-large:1.92%;--awb-margin-bottom-large:20px;--awb-spacing-left-large:1.92%;--awb-width-medium:100%;--awb-order-medium:0;--awb-spacing-right-medium:1.92%;--awb-spacing-left-medium:1.92%;--awb-width-small:100%;--awb-order-small:0;--awb-spacing-right-small:1.92%;--awb-spacing-left-small:1.92%;\"><div class=\"fusion-column-wrapper fusion-column-has-shadow fusion-flex-justify-content-flex-start fusion-content-layout-column\"><div class=\"fusion-image-element \" style=\"--awb-caption-title-font-family:var(--h2_typography-font-family);--awb-caption-title-font-weight:var(--h2_typography-font-weight);--awb-caption-title-font-style:var(--h2_typography-font-style);--awb-caption-title-size:var(--h2_typography-font-size);--awb-caption-title-transform:var(--h2_typography-text-transform);--awb-caption-title-line-height:var(--h2_typography-line-height);--awb-caption-title-letter-spacing:var(--h2_typography-letter-spacing);\"><span class=\" fusion-imageframe imageframe-none imageframe-1 hover-type-none\"><img decoding=\"async\" width=\"1300\" height=\"300\" title=\"UV_powder_for_MDF_5\" src=\"https:\/\/www.kpuvpowder.com\/wp-content\/uploads\/2022\/07\/UV_powder_for_MDF_5.jpg\" alt class=\"img-responsive wp-image-2537\" srcset=\"https:\/\/www.kpuvpowder.com\/wp-content\/uploads\/2022\/07\/UV_powder_for_MDF_5-200x46.jpg 200w, https:\/\/www.kpuvpowder.com\/wp-content\/uploads\/2022\/07\/UV_powder_for_MDF_5-400x92.jpg 400w, https:\/\/www.kpuvpowder.com\/wp-content\/uploads\/2022\/07\/UV_powder_for_MDF_5-600x138.jpg 600w, https:\/\/www.kpuvpowder.com\/wp-content\/uploads\/2022\/07\/UV_powder_for_MDF_5-800x185.jpg 800w, https:\/\/www.kpuvpowder.com\/wp-content\/uploads\/2022\/07\/UV_powder_for_MDF_5-1200x277.jpg 1200w, https:\/\/www.kpuvpowder.com\/wp-content\/uploads\/2022\/07\/UV_powder_for_MDF_5.jpg 1300w\" sizes=\"(max-width: 640px) 100vw, 1300px\" \/><\/span><\/div><\/div><\/div><\/div><\/div><div class=\"fusion-fullwidth fullwidth-box fusion-builder-row-2 fusion-flex-container has-pattern-background has-mask-background nonhundred-percent-fullwidth non-hundred-percent-height-scrolling\" style=\"--awb-border-radius-top-left:0px;--awb-border-radius-top-right:0px;--awb-border-radius-bottom-right:0px;--awb-border-radius-bottom-left:0px;--awb-padding-top:0px;--awb-margin-top:25px;--awb-flex-wrap:wrap;\" ><div class=\"fusion-builder-row fusion-row fusion-flex-align-items-flex-start fusion-flex-content-wrap\" style=\"max-width:1362.4px;margin-left: calc(-4% \/ 2 );margin-right: calc(-4% \/ 2 );\"><div class=\"fusion-layout-column fusion_builder_column fusion-builder-column-1 fusion_builder_column_1_1 1_1 fusion-flex-column\" style=\"--awb-bg-size:cover;--awb-width-large:100%;--awb-margin-top-large:0px;--awb-spacing-right-large:1.92%;--awb-margin-bottom-large:35px;--awb-spacing-left-large:1.92%;--awb-width-medium:100%;--awb-order-medium:0;--awb-spacing-right-medium:1.92%;--awb-spacing-left-medium:1.92%;--awb-width-small:100%;--awb-order-small:0;--awb-spacing-right-small:1.92%;--awb-spacing-left-small:1.92%;\"><div class=\"fusion-column-wrapper fusion-column-has-shadow fusion-flex-justify-content-flex-start fusion-content-layout-column\"><div class=\"fusion-title title fusion-title-1 fusion-sep-none fusion-title-text fusion-title-size-one\" style=\"--awb-margin-top-small:10px;--awb-margin-right-small:0px;--awb-margin-bottom-small:10px;--awb-margin-left-small:0px;\"><h1 class=\"fusion-title-heading title-heading-left\" style=\"margin:0;\">Proceso de Aplicaci\u00f3n de Recubriminetos Curados UV<\/h1><\/div><\/div><\/div><div class=\"fusion-layout-column fusion_builder_column fusion-builder-column-2 fusion_builder_column_1_2 1_2 fusion-flex-column\" style=\"--awb-bg-size:cover;--awb-width-large:50%;--awb-margin-top-large:0px;--awb-spacing-right-large:3.84%;--awb-margin-bottom-large:20px;--awb-spacing-left-large:3.84%;--awb-width-medium:50%;--awb-order-medium:0;--awb-spacing-right-medium:3.84%;--awb-spacing-left-medium:3.84%;--awb-width-small:100%;--awb-order-small:0;--awb-spacing-right-small:1.92%;--awb-spacing-left-small:1.92%;\"><div class=\"fusion-column-wrapper fusion-column-has-shadow fusion-flex-justify-content-flex-start fusion-content-layout-column\"><div class=\"fusion-image-element \" style=\"--awb-max-width:1200px;--awb-caption-title-font-family:var(--h2_typography-font-family);--awb-caption-title-font-weight:var(--h2_typography-font-weight);--awb-caption-title-font-style:var(--h2_typography-font-style);--awb-caption-title-size:var(--h2_typography-font-size);--awb-caption-title-transform:var(--h2_typography-text-transform);--awb-caption-title-line-height:var(--h2_typography-line-height);--awb-caption-title-letter-spacing:var(--h2_typography-letter-spacing);\"><span class=\" fusion-imageframe imageframe-none imageframe-2 hover-type-none\"><img decoding=\"async\" width=\"493\" height=\"501\" title=\"keyland_polymer_flow_chart\" src=\"https:\/\/www.kpuvpowder.com\/wp-content\/uploads\/2022\/10\/keyland_polymer_flow_chart.svg\" alt class=\"img-responsive wp-image-2678\"\/><\/span><\/div><\/div><\/div><div class=\"fusion-layout-column fusion_builder_column fusion-builder-column-3 fusion_builder_column_1_2 1_2 fusion-flex-column\" style=\"--awb-bg-size:cover;--awb-width-large:50%;--awb-margin-top-large:0px;--awb-spacing-right-large:3.84%;--awb-margin-bottom-large:20px;--awb-spacing-left-large:3.84%;--awb-width-medium:50%;--awb-order-medium:0;--awb-spacing-right-medium:3.84%;--awb-spacing-left-medium:3.84%;--awb-width-small:100%;--awb-order-small:0;--awb-spacing-right-small:1.92%;--awb-spacing-left-small:1.92%;\"><div class=\"fusion-column-wrapper fusion-column-has-shadow fusion-flex-justify-content-flex-start fusion-content-layout-column\"><div class=\"fusion-text fusion-text-1\"><h3>Una visi\u00f3n general de los pasos en el proceso de recubrimiento curado UV de principio a fin.<\/h3>\n<\/div><div class=\"accordian fusion-accordian\" style=\"--awb-border-size:1px;--awb-icon-size:16px;--awb-content-font-size:var(--awb-typography4-font-size);--awb-icon-alignment:left;--awb-hover-color:var(--awb-color2);--awb-border-color:var(--awb-color3);--awb-background-color:var(--awb-color1);--awb-divider-color:var(--awb-color3);--awb-divider-hover-color:var(--awb-color3);--awb-icon-color:var(--awb-color1);--awb-title-color:var(--awb-color8);--awb-content-color:var(--awb-color8);--awb-icon-box-color:var(--awb-color8);--awb-toggle-hover-accent-color:var(--awb-color5);--awb-title-font-family:var(--awb-typography1-font-family);--awb-title-font-weight:var(--awb-typography1-font-weight);--awb-title-font-style:var(--awb-typography1-font-style);--awb-title-font-size:var(--awb-typography1-font-size);--awb-content-font-family:var(--awb-typography4-font-family);--awb-content-font-weight:var(--awb-typography4-font-weight);--awb-content-font-style:var(--awb-typography4-font-style);\"><div class=\"panel-group fusion-toggle-icon-boxed\" id=\"accordion-3265-1\"><div class=\"fusion-panel panel-default panel-ae0899fe36f437096 fusion-toggle-has-divider\" style=\"--awb-title-color:var(--awb-color8);--awb-content-color:var(--awb-color8);\"><div class=\"panel-heading\"><h4 class=\"panel-title toggle\" id=\"toggle_ae0899fe36f437096\"><a aria-expanded=\"false\" aria-controls=\"ae0899fe36f437096\" role=\"button\" data-toggle=\"collapse\" data-parent=\"#accordion-3265-1\" data-target=\"#ae0899fe36f437096\" href=\"#ae0899fe36f437096\"><span class=\"fusion-toggle-icon-wrapper\" aria-hidden=\"true\"><i class=\"fa-fusion-box active-icon awb-icon-minus\" aria-hidden=\"true\"><\/i><i class=\"fa-fusion-box inactive-icon awb-icon-plus\" aria-hidden=\"true\"><\/i><\/span><span class=\"fusion-toggle-heading\">Paso 1: Cargar<\/span><\/a><\/h4><\/div><div id=\"ae0899fe36f437096\" class=\"panel-collapse collapse \" aria-labelledby=\"toggle_ae0899fe36f437096\"><div class=\"panel-body toggle-content fusion-clearfix\">\n<p>Las piezas en bruto o inacabadas se cargan en la l\u00ednea.<\/p>\n<\/div><\/div><\/div><div class=\"fusion-panel panel-default panel-349b1e346733f5e2f fusion-toggle-has-divider\" style=\"--awb-title-color:var(--awb-color8);--awb-content-color:var(--awb-color8);\"><div class=\"panel-heading\"><h4 class=\"panel-title toggle\" id=\"toggle_349b1e346733f5e2f\"><a aria-expanded=\"false\" aria-controls=\"349b1e346733f5e2f\" role=\"button\" data-toggle=\"collapse\" data-parent=\"#accordion-3265-1\" data-target=\"#349b1e346733f5e2f\" href=\"#349b1e346733f5e2f\"><span class=\"fusion-toggle-icon-wrapper\" aria-hidden=\"true\"><i class=\"fa-fusion-box active-icon awb-icon-minus\" aria-hidden=\"true\"><\/i><i class=\"fa-fusion-box inactive-icon awb-icon-plus\" aria-hidden=\"true\"><\/i><\/span><span class=\"fusion-toggle-heading\">Paso 2: Preparaci\u00f3n<\/span><\/a><\/h4><\/div><div id=\"349b1e346733f5e2f\" class=\"panel-collapse collapse \" aria-labelledby=\"toggle_349b1e346733f5e2f\"><div class=\"panel-body toggle-content fusion-clearfix\">\n<p>Cualquier preparaci\u00f3n necesaria antes de que las piezas entren en pretratamiento, como enmascaramiento o limpieza.<\/p>\n<\/div><\/div><\/div><div class=\"fusion-panel panel-default panel-411a1b4c5c7099885 fusion-toggle-has-divider\" style=\"--awb-title-color:var(--awb-color8);--awb-content-color:var(--awb-color8);\"><div class=\"panel-heading\"><h4 class=\"panel-title toggle\" id=\"toggle_411a1b4c5c7099885\"><a aria-expanded=\"false\" aria-controls=\"411a1b4c5c7099885\" role=\"button\" data-toggle=\"collapse\" data-parent=\"#accordion-3265-1\" data-target=\"#411a1b4c5c7099885\" href=\"#411a1b4c5c7099885\"><span class=\"fusion-toggle-icon-wrapper\" aria-hidden=\"true\"><i class=\"fa-fusion-box active-icon awb-icon-minus\" aria-hidden=\"true\"><\/i><i class=\"fa-fusion-box inactive-icon awb-icon-plus\" aria-hidden=\"true\"><\/i><\/span><span class=\"fusion-toggle-heading\">Paso 3: Pretratamiento<\/span><\/a><\/h4><\/div><div id=\"411a1b4c5c7099885\" class=\"panel-collapse collapse \" aria-labelledby=\"toggle_411a1b4c5c7099885\"><div class=\"panel-body toggle-content fusion-clearfix\">\n<p>Dependiendo del sustrato, puede ser necesario un pretratamiento. Los tipos de pretratamientos incluyen: fosfato de zinc, fosfato de hierro, circonio o cebadores conductores. Si est\u00e1 utilizando MDF o productos de madera, el precalentamiento del MDF antes del recubrimiento puede ser necesario.<\/p>\n<\/div><\/div><\/div><div class=\"fusion-panel panel-default panel-0598bd9e2e744f44e fusion-toggle-has-divider\" style=\"--awb-title-color:var(--awb-color8);--awb-content-color:var(--awb-color8);\"><div class=\"panel-heading\"><h4 class=\"panel-title toggle\" id=\"toggle_0598bd9e2e744f44e\"><a aria-expanded=\"false\" aria-controls=\"0598bd9e2e744f44e\" role=\"button\" data-toggle=\"collapse\" data-parent=\"#accordion-3265-1\" data-target=\"#0598bd9e2e744f44e\" href=\"#0598bd9e2e744f44e\"><span class=\"fusion-toggle-icon-wrapper\" aria-hidden=\"true\"><i class=\"fa-fusion-box active-icon awb-icon-minus\" aria-hidden=\"true\"><\/i><i class=\"fa-fusion-box inactive-icon awb-icon-plus\" aria-hidden=\"true\"><\/i><\/span><span class=\"fusion-toggle-heading\">Paso 4: Aplicaci\u00f3n del Polvo<\/span><\/a><\/h4><\/div><div id=\"0598bd9e2e744f44e\" class=\"panel-collapse collapse \" aria-labelledby=\"toggle_0598bd9e2e744f44e\"><div class=\"panel-body toggle-content fusion-clearfix\">\n<p>El recubrimiento curado UV se aplica electrost\u00e1ticamente con pistolas pulverizadoras autom\u00e1ticas o manuales. Los tipos de aplicaciones electrost\u00e1ticas son Corona, Tribo, y Bell.<\/p>\n<p><strong>Corona<\/strong><\/p>\n<p>La carga Corona es el m\u00e9todo m\u00e1s com\u00fan utilizado en polvo. El polvo se dispersa en una corriente de aire, produciendo una nube a medida que sale de la pistola. Las part\u00edculas pasan a trav\u00e9s de un campo corona altamente cargado e ionizado en la punta de la pistola aplicando una fuerte carga negativa a cada part\u00edcula.<\/p>\n<p><strong>Tribo<\/strong><br \/>\nLa carga est\u00e1tica Tribom\u00e1tica es el segundo m\u00e9todo m\u00e1s com\u00fan de pulverizaci\u00f3n de un recubrimiento en polvo. El polvo se carga por fricci\u00f3n cuando se mueve a trav\u00e9s de los diferentes componentes de la pistola. La fricci\u00f3n proporciona una carga para la aplicaci\u00f3n del polvo.<\/p>\n<p><strong>Bell<\/strong><br \/>\nEl polvo se aplica a trav\u00e9s de un aplicador Bell, mejorando la uniformidad de la construcci\u00f3n de la pel\u00edcula a trav\u00e9s del panel.<\/p>\n<\/div><\/div><\/div><div class=\"fusion-panel panel-default panel-cf734d5a08b55bb3e fusion-toggle-has-divider\" style=\"--awb-title-color:var(--awb-color8);--awb-content-color:var(--awb-color8);\"><div class=\"panel-heading\"><h4 class=\"panel-title toggle\" id=\"toggle_cf734d5a08b55bb3e\"><a aria-expanded=\"false\" aria-controls=\"cf734d5a08b55bb3e\" role=\"button\" data-toggle=\"collapse\" data-parent=\"#accordion-3265-1\" data-target=\"#cf734d5a08b55bb3e\" href=\"#cf734d5a08b55bb3e\"><span class=\"fusion-toggle-icon-wrapper\" aria-hidden=\"true\"><i class=\"fa-fusion-box active-icon awb-icon-minus\" aria-hidden=\"true\"><\/i><i class=\"fa-fusion-box inactive-icon awb-icon-plus\" aria-hidden=\"true\"><\/i><\/span><span class=\"fusion-toggle-heading\">Paso 5: Fundido\/Flujo<\/span><\/a><\/h4><\/div><div id=\"cf734d5a08b55bb3e\" class=\"panel-collapse collapse \" aria-labelledby=\"toggle_cf734d5a08b55bb3e\"><div class=\"panel-body toggle-content fusion-clearfix\">\n<p>Despu\u00e9s de aplicar el polvo, se transforma en un estado de gel utilizando una fuente de calor. Las bobinas de inducci\u00f3n, los hornos infrarrojos (IR), y de convecci\u00f3n son las principales fuentes de calor que se utilizan para este proceso.<\/p>\n<\/div><\/div><\/div><div class=\"fusion-panel panel-default panel-e9b0f28b7039d4841 fusion-toggle-has-divider\" style=\"--awb-title-color:var(--awb-color8);--awb-content-color:var(--awb-color8);\"><div class=\"panel-heading\"><h4 class=\"panel-title toggle\" id=\"toggle_e9b0f28b7039d4841\"><a aria-expanded=\"false\" aria-controls=\"e9b0f28b7039d4841\" role=\"button\" data-toggle=\"collapse\" data-parent=\"#accordion-3265-1\" data-target=\"#e9b0f28b7039d4841\" href=\"#e9b0f28b7039d4841\"><span class=\"fusion-toggle-icon-wrapper\" aria-hidden=\"true\"><i class=\"fa-fusion-box active-icon awb-icon-minus\" aria-hidden=\"true\"><\/i><i class=\"fa-fusion-box inactive-icon awb-icon-plus\" aria-hidden=\"true\"><\/i><\/span><span class=\"fusion-toggle-heading\">Paso 6: Cura<\/span><\/a><\/h4><\/div><div id=\"e9b0f28b7039d4841\" class=\"panel-collapse collapse \" aria-labelledby=\"toggle_e9b0f28b7039d4841\"><div class=\"panel-body toggle-content fusion-clearfix\">\n<p>Finalmente, la pieza est\u00e1 expuesta a la luz ultravioleta o UV que cura el recubrimiento instant\u00e1neamente. Se pueden usar varios tipos de l\u00e1mparas, incluyendo microondas UV, LED o l\u00e1mparas arco.<\/p>\n<\/div><\/div><\/div><div class=\"fusion-panel panel-default panel-a07ee5ed2ec71a98f fusion-toggle-has-divider\" style=\"--awb-title-color:var(--awb-color8);--awb-content-color:var(--awb-color8);\"><div class=\"panel-heading\"><h4 class=\"panel-title toggle\" id=\"toggle_a07ee5ed2ec71a98f\"><a aria-expanded=\"false\" aria-controls=\"a07ee5ed2ec71a98f\" role=\"button\" data-toggle=\"collapse\" data-parent=\"#accordion-3265-1\" data-target=\"#a07ee5ed2ec71a98f\" href=\"#a07ee5ed2ec71a98f\"><span class=\"fusion-toggle-icon-wrapper\" aria-hidden=\"true\"><i class=\"fa-fusion-box active-icon awb-icon-minus\" aria-hidden=\"true\"><\/i><i class=\"fa-fusion-box inactive-icon awb-icon-plus\" aria-hidden=\"true\"><\/i><\/span><span class=\"fusion-toggle-heading\">Paso 7: Descarga<\/span><\/a><\/h4><\/div><div id=\"a07ee5ed2ec71a98f\" class=\"panel-collapse collapse \" aria-labelledby=\"toggle_a07ee5ed2ec71a98f\"><div class=\"panel-body toggle-content fusion-clearfix\">\n<p>El recubrimiento est\u00e1 completamente curado y la pieza se puede sacar de la l\u00ednea y empaquetar sin ning\u00fan periodo de enfriamiento adicional.<\/p>\n<\/div><\/div><\/div><\/div><\/div><\/div><\/div><\/div><\/div><\/p>\n","protected":false},"excerpt":{"rendered":"","protected":false},"author":21,"featured_media":0,"parent":0,"menu_order":0,"comment_status":"closed","ping_status":"closed","template":"100-width.php","meta":{"content-type":"","footnotes":""},"class_list":["post-3265","page","type-page","status-publish","hentry"],"aioseo_notices":[],"_links":{"self":[{"href":"https:\/\/www.kpuvpowder.com\/es\/wp-json\/wp\/v2\/pages\/3265","targetHints":{"allow":["GET"]}}],"collection":[{"href":"https:\/\/www.kpuvpowder.com\/es\/wp-json\/wp\/v2\/pages"}],"about":[{"href":"https:\/\/www.kpuvpowder.com\/es\/wp-json\/wp\/v2\/types\/page"}],"author":[{"embeddable":true,"href":"https:\/\/www.kpuvpowder.com\/es\/wp-json\/wp\/v2\/users\/21"}],"replies":[{"embeddable":true,"href":"https:\/\/www.kpuvpowder.com\/es\/wp-json\/wp\/v2\/comments?post=3265"}],"version-history":[{"count":0,"href":"https:\/\/www.kpuvpowder.com\/es\/wp-json\/wp\/v2\/pages\/3265\/revisions"}],"wp:attachment":[{"href":"https:\/\/www.kpuvpowder.com\/es\/wp-json\/wp\/v2\/media?parent=3265"}],"curies":[{"name":"wp","href":"https:\/\/api.w.org\/{rel}","templated":true}]}}