{"id":3282,"date":"2023-11-16T20:33:24","date_gmt":"2023-11-16T20:33:24","guid":{"rendered":"https:\/\/www.kpuvpowder.com\/?page_id=3282"},"modified":"2024-03-08T18:17:10","modified_gmt":"2024-03-08T18:17:10","slug":"consultoria-de-diseno-de-sistemas","status":"publish","type":"page","link":"https:\/\/www.kpuvpowder.com\/es\/acerca-de-nuestros-recubrimientos-en-polvo-curados-con-uv\/que-hacemos\/consultoria-de-diseno-de-sistemas\/","title":{"rendered":"Dise\u00f1o y consultor\u00eda de sistemas"},"content":{"rendered":"<p><div class=\"fusion-fullwidth fullwidth-box fusion-builder-row-1 fusion-flex-container has-pattern-background has-mask-background fusion-parallax-none hundred-percent-fullwidth non-hundred-percent-height-scrolling\" style=\"--awb-border-color:var(--awb-color2);--awb-border-radius-top-left:0px;--awb-border-radius-top-right:0px;--awb-border-radius-bottom-right:0px;--awb-border-radius-bottom-left:0px;--awb-padding-top:150px;--awb-padding-bottom:150px;--awb-padding-top-small:75px;--awb-padding-bottom-small:75px;--awb-margin-top:125px;--awb-margin-bottom:35px;--awb-margin-top-small:0px;--awb-background-image:url(&quot;https:\/\/www.kpuvpowder.com\/wp-content\/uploads\/2023\/02\/System-Design-Consulting.png&quot;);--awb-background-size:cover;--awb-flex-wrap:wrap;\" ><div class=\"fusion-builder-row fusion-row fusion-flex-align-items-flex-start fusion-flex-content-wrap\" style=\"width:104% !important;max-width:104% !important;margin-left: calc(-4% \/ 2 );margin-right: calc(-4% \/ 2 );\"><div class=\"fusion-layout-column fusion_builder_column fusion-builder-column-0 fusion_builder_column_1_1 1_1 fusion-flex-column\" style=\"--awb-bg-size:cover;--awb-width-large:100%;--awb-margin-top-large:0px;--awb-spacing-right-large:1.92%;--awb-margin-bottom-large:20px;--awb-spacing-left-large:1.92%;--awb-width-medium:100%;--awb-order-medium:0;--awb-spacing-right-medium:1.92%;--awb-spacing-left-medium:1.92%;--awb-width-small:100%;--awb-order-small:0;--awb-spacing-right-small:1.92%;--awb-spacing-left-small:1.92%;\"><div class=\"fusion-column-wrapper fusion-column-has-shadow fusion-flex-justify-content-flex-start fusion-content-layout-column\"><\/div><\/div><\/div><\/div><div class=\"fusion-fullwidth fullwidth-box fusion-builder-row-2 fusion-flex-container has-pattern-background has-mask-background nonhundred-percent-fullwidth non-hundred-percent-height-scrolling\" style=\"--awb-border-radius-top-left:0px;--awb-border-radius-top-right:0px;--awb-border-radius-bottom-right:0px;--awb-border-radius-bottom-left:0px;--awb-padding-top:0px;--awb-margin-top:55px;--awb-flex-wrap:wrap;\" ><div class=\"fusion-builder-row fusion-row fusion-flex-align-items-flex-start fusion-flex-content-wrap\" style=\"max-width:1362.4px;margin-left: calc(-4% \/ 2 );margin-right: calc(-4% \/ 2 );\"><div class=\"fusion-layout-column fusion_builder_column fusion-builder-column-1 fusion_builder_column_1_1 1_1 fusion-flex-column\" style=\"--awb-bg-size:cover;--awb-width-large:100%;--awb-margin-top-large:0px;--awb-spacing-right-large:1.92%;--awb-margin-bottom-large:20px;--awb-spacing-left-large:1.92%;--awb-width-medium:100%;--awb-order-medium:0;--awb-spacing-right-medium:1.92%;--awb-spacing-left-medium:1.92%;--awb-width-small:100%;--awb-order-small:0;--awb-spacing-right-small:1.92%;--awb-spacing-left-small:1.92%;\"><div class=\"fusion-column-wrapper fusion-column-has-shadow fusion-flex-justify-content-flex-start fusion-content-layout-column\"><div class=\"fusion-title title fusion-title-1 fusion-sep-none fusion-title-text fusion-title-size-one\" style=\"--awb-margin-top-small:10px;--awb-margin-right-small:0px;--awb-margin-bottom-small:10px;--awb-margin-left-small:0px;\"><h1 class=\"fusion-title-heading title-heading-left\" style=\"margin:0;\">Dise\u00f1o de sistemas de polvo UV<\/h1><\/div><div class=\"fusion-text fusion-text-1\"><p><strong>Si est\u00e1 pensando que un recubrimiento en polvo de curado UV es adecuado para usted, podemos ayudarle a empezar.<\/strong>  Trabajamos directamente con empresas interesadas en evaluar o modificar su actual proceso de acabado o que desean instalar su propio sistema de recubrimiento en polvo de curado UV.<\/p>\n<p>Le guiamos a lo largo de todo el proceso, desde el dise\u00f1o inicial hasta la recomendaci\u00f3n y selecci\u00f3n de equipos, pasando por la instalaci\u00f3n final del sistema. Tambi\u00e9n ofrecemos asistencia continua para el sistema.<\/p>\n<\/div><div class=\"fusion-separator fusion-no-small-visibility fusion-full-width-sep\" style=\"align-self: center;margin-left: auto;margin-right: auto;margin-top:10px;margin-bottom:35px;width:100%;max-width:100%;\"><div class=\"fusion-separator-border sep-single sep-solid\" style=\"--awb-height:20px;--awb-amount:20px;--awb-sep-color:rgba(127,127,127,0.8);border-color:rgba(127,127,127,0.8);border-top-width:1px;\"><\/div><\/div>\n<\/div><\/div><\/div><\/div><div class=\"fusion-fullwidth fullwidth-box fusion-builder-row-3 fusion-flex-container has-pattern-background has-mask-background nonhundred-percent-fullwidth non-hundred-percent-height-scrolling fusion-no-small-visibility fusion-no-medium-visibility\" style=\"--awb-border-radius-top-left:0px;--awb-border-radius-top-right:0px;--awb-border-radius-bottom-right:0px;--awb-border-radius-bottom-left:0px;--awb-flex-wrap:wrap;\" ><div class=\"fusion-builder-row fusion-row fusion-flex-align-items-flex-start fusion-flex-content-wrap\" style=\"max-width:1362.4px;margin-left: calc(-4% \/ 2 );margin-right: calc(-4% \/ 2 );\"><div class=\"fusion-layout-column fusion_builder_column fusion-builder-column-2 fusion_builder_column_3_5 3_5 fusion-flex-column\" style=\"--awb-bg-size:cover;--awb-width-large:60%;--awb-margin-top-large:0px;--awb-spacing-right-large:3.2%;--awb-margin-bottom-large:20px;--awb-spacing-left-large:3.2%;--awb-width-medium:60%;--awb-order-medium:0;--awb-spacing-right-medium:3.2%;--awb-spacing-left-medium:3.2%;--awb-width-small:100%;--awb-order-small:0;--awb-spacing-right-small:1.92%;--awb-spacing-left-small:1.92%;\"><div class=\"fusion-column-wrapper fusion-column-has-shadow fusion-flex-justify-content-flex-start fusion-content-layout-column\"><div class=\"fusion-text fusion-text-2\"><h2 class=\"fusion-responsive-typography-calculated\" style=\"--fontsize: 28; line-height: 1.25;\" data-fontsize=\"28\" data-lineheight=\"35px\">\u00bfQu\u00e9 equipo se necesita?<\/h2>\n<p>Cada sistema de aplicaci\u00f3n y su disposici\u00f3n variar\u00e1 seg\u00fan que sistema o aplicaci\u00f3n desea. Le enumeramos, a continuaci\u00f3n hemos el equipamiento b\u00e1sico sugerido.<\/p>\n<ul>\n<li><strong>Estaci\u00f3n de pretratamiento<\/strong>\n<ul>\n<li>Pretratamiento, lavado y conversi\u00f3n para metales<\/li>\n<li>Precalentalentamiento para productos de madera y si\u00a1us derivados<\/li>\n<li>Puede ser necesario un pretratamiento adicional para sustratos no conductores<\/li>\n<\/ul>\n<\/li>\n<li><strong>Sistema de aplicaci\u00f3n\/Sala ambiental<\/strong>\n<ul>\n<li>Cabina de pintura<\/li>\n<li>Equipo de aplicaci\u00f3n de polvo &#8211; Tribo o Corona<\/li>\n<\/ul>\n<\/li>\n<li><strong>Horno de fusi\u00f3n\/nivelaci\u00f3n<\/strong>\n<ul>\n<li>IR\/Convecci\u00f3n<\/li>\n<li>Inducci\u00f3n<\/li>\n<\/ul>\n<\/li>\n<li><strong>Horno UV para curado<\/strong>\n<ul>\n<li>L\u00e1mparas para microondas<\/li>\n<li>Matrices desistemas LED UV<\/li>\n<\/ul>\n<\/li>\n<li><strong>Sistema transportador<\/strong><\/li>\n<\/ul>\n<\/div><\/div><\/div><div class=\"fusion-layout-column fusion_builder_column fusion-builder-column-3 fusion_builder_column_2_5 2_5 fusion-flex-column\" style=\"--awb-bg-size:cover;--awb-width-large:40%;--awb-margin-top-large:0px;--awb-spacing-right-large:4.8%;--awb-margin-bottom-large:20px;--awb-spacing-left-large:4.8%;--awb-width-medium:40%;--awb-order-medium:0;--awb-spacing-right-medium:4.8%;--awb-spacing-left-medium:4.8%;--awb-width-small:100%;--awb-order-small:0;--awb-spacing-right-small:1.92%;--awb-spacing-left-small:1.92%;\"><div class=\"fusion-column-wrapper fusion-column-has-shadow fusion-flex-justify-content-center fusion-content-layout-column\"><div class=\"fusion-text fusion-text-3\"><h3 style=\"text-align: center;\">Ejemplo de disposici\u00f3n de un sistema de recubrimiento en polvo UV<\/h3>\n<\/div><div class=\"fusion-image-element \" style=\"--awb-caption-title-font-family:var(--h2_typography-font-family);--awb-caption-title-font-weight:var(--h2_typography-font-weight);--awb-caption-title-font-style:var(--h2_typography-font-style);--awb-caption-title-size:var(--h2_typography-font-size);--awb-caption-title-transform:var(--h2_typography-text-transform);--awb-caption-title-line-height:var(--h2_typography-line-height);--awb-caption-title-letter-spacing:var(--h2_typography-letter-spacing);\"><span class=\" fusion-imageframe imageframe-none imageframe-1 hover-type-none\"><img decoding=\"async\" width=\"1008\" height=\"1024\" alt=\"Ejemplo de disposici\u00f3n de un sistema de recubrimiento en polvo UV de Keyland Polymer\" title=\"keyland_polymer_flow_chart\" src=\"https:\/\/www.kpuvpowder.com\/wp-content\/uploads\/2024\/02\/keyland_polymer_flow_chart_es-1-1008x1024.gif\" class=\"img-responsive wp-image-3610\" srcset=\"https:\/\/www.kpuvpowder.com\/wp-content\/uploads\/2024\/02\/keyland_polymer_flow_chart_es-1-200x203.gif 200w, https:\/\/www.kpuvpowder.com\/wp-content\/uploads\/2024\/02\/keyland_polymer_flow_chart_es-1-400x406.gif 400w, https:\/\/www.kpuvpowder.com\/wp-content\/uploads\/2024\/02\/keyland_polymer_flow_chart_es-1-600x609.gif 600w, https:\/\/www.kpuvpowder.com\/wp-content\/uploads\/2024\/02\/keyland_polymer_flow_chart_es-1-800x812.gif 800w, https:\/\/www.kpuvpowder.com\/wp-content\/uploads\/2024\/02\/keyland_polymer_flow_chart_es-1-1200x1219.gif 1200w\" sizes=\"(max-width: 640px) 100vw, 600px\" \/><\/span><\/div><\/div><\/div><div class=\"fusion-layout-column fusion_builder_column fusion-builder-column-4 fusion_builder_column_1_1 1_1 fusion-flex-column\" style=\"--awb-padding-top:15px;--awb-padding-right:15px;--awb-padding-bottom:15px;--awb-padding-left:15px;--awb-bg-size:cover;--awb-width-large:100%;--awb-margin-top-large:20px;--awb-spacing-right-large:1.92%;--awb-margin-bottom-large:20px;--awb-spacing-left-large:1.92%;--awb-width-medium:100%;--awb-order-medium:0;--awb-spacing-right-medium:1.92%;--awb-spacing-left-medium:1.92%;--awb-width-small:100%;--awb-order-small:0;--awb-spacing-right-small:1.92%;--awb-spacing-left-small:1.92%;\" data-scroll-devices=\"small-visibility,medium-visibility,large-visibility\"><div class=\"fusion-column-wrapper fusion-column-has-shadow fusion-flex-justify-content-flex-start fusion-content-layout-column\"><div class=\"fusion-alert alert custom alert-custom fusion-alert-left awb-alert-native-link-color alert-dismissable awb-alert-close-boxed\" style=\"--awb-background-color:#f7f7f7;--awb-accent-color:var(--awb-color1);--awb-border-size:0px;--awb-border-top-left-radius:0px;--awb-border-top-right-radius:0px;--awb-border-bottom-left-radius:0px;--awb-border-bottom-right-radius:0px;--awb-padding-top:15px;--awb-padding-right:15px;--awb-padding-bottom:15px;--awb-padding-left:15px;\" role=\"alert\"><div class=\"fusion-alert-content-wrapper\"><span class=\"alert-icon\"><i class=\"fa-asterisk fas\" aria-hidden=\"true\"><\/i><\/span><span class=\"fusion-alert-content\"><h3>Descargo de responsabilidad sobre la neutralidad de los proveedores<\/h3>\n<h5>El objetivo de Keyland Polymer es promover y desarrollar el mercado del recubrimiento en polvo de curado UV. Las relaciones s\u00f3lidas y viables en todo el canal de suministro de equipos son fundamentales. Cada proveedor de equipos tiene capacidades y aptitudes \u00fanicas: producto, rendimiento y servicio. Keyland valora su relaci\u00f3n con cada proveedor de equipos.<\/h5>\n<h5>Keyland ha adquirido y adquirir\u00e1 clientes, como resultado de sus propios esfuerzos de marketing y ventas. Los clientes y posibles clientes de Keyland pueden tener relaciones existentes con proveedores de equipos. Keyland trabajar\u00e1 con esos proveedores y respetar\u00e1 la integridad y confidencialidad de esa relaci\u00f3n entre proveedor y cliente.<\/h5>\n<h5>Los proveedores de equipos pueden presentar a Keyland proyectos de sus clientes o posibles clientes. Keyland respetar\u00e1 la integridad y confidencialidad de la relaci\u00f3n del proveedor de equipos con su cliente o posible cliente, durante todo el proceso del proyecto.<\/h5>\n<h5>Los clientes o posibles clientes pueden pedir a Keyland recomendaciones sobre proveedores de equipos. Keyland responder\u00e1 a dichas solicitudes bas\u00e1ndose en su mejor criterio, evaluando las necesidades del cliente y las capacidades de los proveedores. En todos los casos, la decisi\u00f3n final de compra del equipo recaer\u00e1 en el cliente.<\/h5><\/span><\/div><button style=\"color:var(--awb-color1);border-color:var(--awb-color1);\" type=\"button\" class=\"close toggle-alert\" data-dismiss=\"alert\" aria-label=\"Close\">&times;<\/button><\/div><\/div><\/div><\/div><\/div><div class=\"fusion-fullwidth fullwidth-box fusion-builder-row-4 fusion-flex-container has-pattern-background has-mask-background nonhundred-percent-fullwidth non-hundred-percent-height-scrolling fusion-no-large-visibility\" style=\"--awb-border-radius-top-left:0px;--awb-border-radius-top-right:0px;--awb-border-radius-bottom-right:0px;--awb-border-radius-bottom-left:0px;--awb-flex-wrap:wrap;\" ><div class=\"fusion-builder-row fusion-row fusion-flex-align-items-flex-start fusion-flex-content-wrap\" style=\"max-width:1362.4px;margin-left: calc(-4% \/ 2 );margin-right: calc(-4% \/ 2 );\"><div class=\"fusion-layout-column fusion_builder_column fusion-builder-column-5 fusion_builder_column_1_1 1_1 fusion-flex-column\" style=\"--awb-bg-size:cover;--awb-width-large:100%;--awb-margin-top-large:0px;--awb-spacing-right-large:1.92%;--awb-margin-bottom-large:20px;--awb-spacing-left-large:1.92%;--awb-width-medium:100%;--awb-order-medium:0;--awb-spacing-right-medium:1.92%;--awb-spacing-left-medium:1.92%;--awb-width-small:100%;--awb-order-small:0;--awb-spacing-right-small:1.92%;--awb-spacing-left-small:1.92%;\"><div class=\"fusion-column-wrapper fusion-column-has-shadow fusion-flex-justify-content-flex-start fusion-content-layout-column\"><div class=\"fusion-text fusion-text-4\"><h2 class=\"fusion-responsive-typography-calculated\" style=\"--fontsize: 28; line-height: 1.25;\" data-fontsize=\"28\" data-lineheight=\"35px\">\u00bfQu\u00e9 equipo se necesita?<\/h2>\n<p>Cada sistema de aplicaci\u00f3n y su disposici\u00f3n variar\u00e1 seg\u00fan que sistema o aplicaci\u00f3n desea. Le enumeramos, a continuaci\u00f3n hemos el equipamiento b\u00e1sico sugerido.<\/p>\n<ul>\n<li><strong>Estaci\u00f3n de pretratamiento<\/strong>\n<ul>\n<li>Pretratamiento, lavado y conversi\u00f3n para metales<\/li>\n<li>Precalentalentamiento para productos de madera y si\u00a1us derivados<\/li>\n<li>Puede ser necesario un pretratamiento adicional para sustratos no conductores<\/li>\n<\/ul>\n<\/li>\n<li><strong>Sistema de aplicaci\u00f3n\/Sala ambiental<\/strong>\n<ul>\n<li>Cabina de pintura<\/li>\n<li>Equipo de aplicaci\u00f3n de polvo &#8211; Tribo o Corona<\/li>\n<\/ul>\n<\/li>\n<li><strong>Horno de fusi\u00f3n\/nivelaci\u00f3n<\/strong>\n<ul>\n<li>IR\/Convecci\u00f3n<\/li>\n<li>Inducci\u00f3n<\/li>\n<\/ul>\n<\/li>\n<li><strong>Horno UV para curado<\/strong>\n<ul>\n<li>L\u00e1mparas para microondas<\/li>\n<li>Matrices desistemas LED UV<\/li>\n<\/ul>\n<\/li>\n<li><strong>Sistema transportador<\/strong><\/li>\n<\/ul>\n<\/div><\/div><\/div><div class=\"fusion-layout-column fusion_builder_column fusion-builder-column-6 fusion_builder_column_1_1 1_1 fusion-flex-column\" style=\"--awb-bg-size:cover;--awb-width-large:100%;--awb-margin-top-large:0px;--awb-spacing-right-large:1.92%;--awb-margin-bottom-large:20px;--awb-spacing-left-large:1.92%;--awb-width-medium:100%;--awb-order-medium:0;--awb-spacing-right-medium:1.92%;--awb-spacing-left-medium:1.92%;--awb-width-small:100%;--awb-order-small:0;--awb-spacing-right-small:1.92%;--awb-spacing-left-small:1.92%;\"><div class=\"fusion-column-wrapper fusion-column-has-shadow fusion-flex-justify-content-center fusion-content-layout-column\"><div class=\"fusion-text fusion-text-5\"><h3 style=\"text-align: center;\">Ejemplo de disposici\u00f3n de un sistema de recubrimiento en polvo UV<\/h3>\n<\/div><div class=\"fusion-image-element \" style=\"--awb-caption-title-font-family:var(--h2_typography-font-family);--awb-caption-title-font-weight:var(--h2_typography-font-weight);--awb-caption-title-font-style:var(--h2_typography-font-style);--awb-caption-title-size:var(--h2_typography-font-size);--awb-caption-title-transform:var(--h2_typography-text-transform);--awb-caption-title-line-height:var(--h2_typography-line-height);--awb-caption-title-letter-spacing:var(--h2_typography-letter-spacing);\"><span class=\" fusion-imageframe imageframe-none imageframe-2 hover-type-none\"><img decoding=\"async\" width=\"1008\" height=\"1024\" alt=\"Ejemplo de disposici\u00f3n de un sistema de recubrimiento en polvo UV de Keyland Polymer\" title=\"keyland_polymer_flow_chart\" src=\"https:\/\/www.kpuvpowder.com\/wp-content\/uploads\/2024\/02\/keyland_polymer_flow_chart_es-1-1008x1024.gif\" class=\"img-responsive wp-image-3610\" srcset=\"https:\/\/www.kpuvpowder.com\/wp-content\/uploads\/2024\/02\/keyland_polymer_flow_chart_es-1-200x203.gif 200w, https:\/\/www.kpuvpowder.com\/wp-content\/uploads\/2024\/02\/keyland_polymer_flow_chart_es-1-400x406.gif 400w, https:\/\/www.kpuvpowder.com\/wp-content\/uploads\/2024\/02\/keyland_polymer_flow_chart_es-1-600x609.gif 600w, https:\/\/www.kpuvpowder.com\/wp-content\/uploads\/2024\/02\/keyland_polymer_flow_chart_es-1-800x812.gif 800w, https:\/\/www.kpuvpowder.com\/wp-content\/uploads\/2024\/02\/keyland_polymer_flow_chart_es-1-1200x1219.gif 1200w\" sizes=\"(max-width: 640px) 100vw, 1008px\" \/><\/span><\/div><\/div><\/div><div class=\"fusion-layout-column fusion_builder_column fusion-builder-column-7 fusion_builder_column_1_1 1_1 fusion-flex-column\" style=\"--awb-padding-top:15px;--awb-padding-right:15px;--awb-padding-bottom:15px;--awb-padding-left:15px;--awb-bg-size:cover;--awb-width-large:100%;--awb-margin-top-large:20px;--awb-spacing-right-large:1.92%;--awb-margin-bottom-large:20px;--awb-spacing-left-large:1.92%;--awb-width-medium:100%;--awb-order-medium:0;--awb-spacing-right-medium:1.92%;--awb-spacing-left-medium:1.92%;--awb-width-small:100%;--awb-order-small:0;--awb-spacing-right-small:1.92%;--awb-spacing-left-small:1.92%;\" data-scroll-devices=\"small-visibility,medium-visibility,large-visibility\"><div class=\"fusion-column-wrapper fusion-column-has-shadow fusion-flex-justify-content-flex-start fusion-content-layout-column\"><div class=\"fusion-alert alert custom alert-custom fusion-alert-left awb-alert-native-link-color alert-dismissable awb-alert-close-boxed\" style=\"--awb-background-color:#f7f7f7;--awb-accent-color:var(--awb-color1);--awb-border-size:0px;--awb-border-top-left-radius:0px;--awb-border-top-right-radius:0px;--awb-border-bottom-left-radius:0px;--awb-border-bottom-right-radius:0px;--awb-padding-top:15px;--awb-padding-right:15px;--awb-padding-bottom:15px;--awb-padding-left:15px;\" role=\"alert\"><div class=\"fusion-alert-content-wrapper\"><span class=\"alert-icon\"><i class=\"fa-asterisk fas\" aria-hidden=\"true\"><\/i><\/span><span class=\"fusion-alert-content\"><h3>Descargo de responsabilidad sobre la neutralidad de los proveedores<\/h3>\n<h5>El objetivo de Keyland Polymer es promover y desarrollar el mercado del recubrimiento en polvo de curado UV. Las relaciones s\u00f3lidas y viables en todo el canal de suministro de equipos son fundamentales. Cada proveedor de equipos tiene capacidades y aptitudes \u00fanicas: producto, rendimiento y servicio. Keyland valora su relaci\u00f3n con cada proveedor de equipos.<\/h5>\n<h5>Keyland ha adquirido y adquirir\u00e1 clientes, como resultado de sus propios esfuerzos de marketing y ventas. Los clientes y posibles clientes de Keyland pueden tener relaciones existentes con proveedores de equipos. Keyland trabajar\u00e1 con esos proveedores y respetar\u00e1 la integridad y confidencialidad de esa relaci\u00f3n entre proveedor y cliente.<\/h5>\n<h5>Los proveedores de equipos pueden presentar a Keyland proyectos de sus clientes o posibles clientes. Keyland respetar\u00e1 la integridad y confidencialidad de la relaci\u00f3n del proveedor de equipos con su cliente o posible cliente, durante todo el proceso del proyecto.<\/h5>\n<h5>Los clientes o posibles clientes pueden pedir a Keyland recomendaciones sobre proveedores de equipos. Keyland responder\u00e1 a dichas solicitudes bas\u00e1ndose en su mejor criterio, evaluando las necesidades del cliente y las capacidades de los proveedores. En todos los casos, la decisi\u00f3n final de compra del equipo recaer\u00e1 en el cliente.<\/h5><\/span><\/div><button style=\"color:var(--awb-color1);border-color:var(--awb-color1);\" type=\"button\" class=\"close toggle-alert\" data-dismiss=\"alert\" aria-label=\"Close\">&times;<\/button><\/div><\/div><\/div><\/div><\/div><\/p>\n","protected":false},"excerpt":{"rendered":"","protected":false},"author":21,"featured_media":0,"parent":3216,"menu_order":0,"comment_status":"closed","ping_status":"closed","template":"100-width.php","meta":{"content-type":"","footnotes":""},"class_list":["post-3282","page","type-page","status-publish","hentry"],"aioseo_notices":[],"_links":{"self":[{"href":"https:\/\/www.kpuvpowder.com\/es\/wp-json\/wp\/v2\/pages\/3282","targetHints":{"allow":["GET"]}}],"collection":[{"href":"https:\/\/www.kpuvpowder.com\/es\/wp-json\/wp\/v2\/pages"}],"about":[{"href":"https:\/\/www.kpuvpowder.com\/es\/wp-json\/wp\/v2\/types\/page"}],"author":[{"embeddable":true,"href":"https:\/\/www.kpuvpowder.com\/es\/wp-json\/wp\/v2\/users\/21"}],"replies":[{"embeddable":true,"href":"https:\/\/www.kpuvpowder.com\/es\/wp-json\/wp\/v2\/comments?post=3282"}],"version-history":[{"count":0,"href":"https:\/\/www.kpuvpowder.com\/es\/wp-json\/wp\/v2\/pages\/3282\/revisions"}],"up":[{"embeddable":true,"href":"https:\/\/www.kpuvpowder.com\/es\/wp-json\/wp\/v2\/pages\/3216"}],"wp:attachment":[{"href":"https:\/\/www.kpuvpowder.com\/es\/wp-json\/wp\/v2\/media?parent=3282"}],"curies":[{"name":"wp","href":"https:\/\/api.w.org\/{rel}","templated":true}]}}